{"id":5755,"date":"2021-01-15T12:29:00","date_gmt":"2021-01-15T10:29:00","guid":{"rendered":"https:\/\/www.eternumevents.com\/nova\/seremos\/"},"modified":"2021-01-15T12:29:00","modified_gmt":"2021-01-15T10:29:00","slug":"seremos","status":"publish","type":"page","link":"https:\/\/www.eternumevents.com\/es\/seremos\/","title":{"rendered":"SEREMOS!"},"content":{"rendered":"<div class=\"row\">\n<div class=\"col-12 col-sm-12 col-md-6\">\n<p>Porque creemos en<code style=\"color: grey;\">...<\/code><\/p>\n<p><span class=\"taronja\">S UPERACION  <\/span><\/p>\n<p><span class=\"taronja\">\u00c9 XITO  <\/span><\/p>\n<p><span class=\"taronja\">R ESILIENCIA  <\/span><\/p>\n<p><span class=\"taronja\">E FICACIA  <\/span><\/p>\n<p><span class=\"taronja\">M OTIVACI\u00d3N  <\/span><\/p>\n<\/div>\n<div class=\"col-12 col-sm-12 col-md-6\">\n<p>Porque queremos seguir adelante,<\/p>\n<p>Porque queremos volver a ver a nuestros compa\u00f1eros,<\/p>\n<p>Porque queremos seguir aportando nuestro grano de arena en la empresa,<\/p>\n<p>Porque queremos emocionarnos de alegr\u00eda,<\/p>\n<p>Porque queremos cooperar en equipo,<\/p>\n<p>Porque queremos un d\u00eda dedicado a nosotros,<\/p>\n<p>\u00a1Porque somos y seremos fuertes, resilientes e imparables!<\/p>\n<\/div>\n<div class=\"col-12\">\n<hr>\n<\/div>\n<div class=\"col-12 col-sm-12 col-md-6\">\n<p>El sector de la organizaci\u00f3n de los eventos es uno de los sectores m\u00e1s afectados por la actual situaci\u00f3n derivada de la crisis sanitaria de la Covid-19, pero no por ello en Eternum Events dejamos ni dejaremos de trabajar para intentar aportar ideas nuevas y apoyar a las empresas. Es por eso que hemos creado una propuesta de peque\u00f1os actos donde el objetivo principal es la motivaci\u00f3n del equipo, y que pueda ser realizado en los pr\u00f3ximos meses, siguiendo todas las medidas de protecci\u00f3n y seguridad definidas por las autoridades competentes.<\/p>\n<p>Las personas son el mejor activo de las empresas, \u00a1cuid\u00e9moslas!<\/p>\n<\/div>\n<div class=\"col-12 col-sm-12 col-md-6\">\n<p>La motivaci\u00f3n se puede definir como el proceso que inicia, gu\u00eda y mantiene las conductas orientadas a conseguir un objetivo o satisfer una necesidad. Es la fuerza que nos hace actuar y nos permite seguir adelante incluso en las situaciones dif\u00edciles. La motivaci\u00f3n tiene relaci\u00f3n con el nivel de estr\u00e9s, la autoestima, la concentraci\u00f3n, y tiene un efecto en la salud y el benestar de todos nosotros.<\/p>\n<p>Por eso, desde Eternum Events os queremos presentar una propuesta atractiva, que te provoque un sonrisa y te haga tener ganas, ahora m\u00e1s que nunca, de cuidar a tu equipo. Sin cada persona que trabaja en tu empresa, nada tendr\u00eda sentido.<\/p>\n<p>\u00bfLo hacemos por ellos? \u00a1Vamos!<\/p>\n<\/div>\n<div class=\"col-12\">\n<h2>Conferencias motivadoras<\/h2>\n<\/div>\n<div class=\"col-12 col-sm-12 col-md-4 col-lg-3 col-xl-2\"><img decoding=\"async\" class=\"alignnone size-medium wp-image-34325\" src=\"https:\/\/www.eternumevents.com\/wp-content\/uploads\/2021\/01\/albert.png\" alt=\"\" width=\"100%\"><\/div>\n<div class=\"col-12 col-sm-12 col-md-8 col-lg-9 col-xl-10\">\n<p><strong>Albert Llovera.<\/strong>  Deportista andorrano. Actualmente compite en rally en el Campeonato del Mundo y el Campeonato de Rallyes de Tierra Espa\u00f1ol. Se ha convertido en un referente indiscutible. Su positivismo, su esp\u00edritu de lucha y superaci\u00f3n, su gesti\u00f3n al frente de su equipo de competici\u00f3n y su sentido com\u00fan ante la vida hacen que sus consejos act\u00faen de revulsivo para muchas empresas.<\/p>\n<p>Como dice Albert:  <em>Me gusta competir contra personas sin ning\u00fan tipo de movilidad reducida porque nunca me he sentido discapacidad, una palabra horrible que deber\u00eda desaparecer. Quiero luchar contra los mejores aunque me pasen cien veces<\/em>.<\/p>\n<p>Conseguir buenos objetivos es fruto de un buen trabajo en equipo, sin olvidar que un buen equipo est\u00e1 formado por personas y \u00e9stas se nutren de emociones. Su experiencia como deportista de \u00e9lite y el enorme conocimiento de s\u00ed mismo como lesionado medular hacen que pueda compartir su modus vivendi \u00abno limites\u00bb en incontables conferencias alrededor del mundo.<\/p>\n<\/div>\n<div class=\"clearfix\"><\/div>\n<div class=\"col-12 col-sm-12 col-md-4 col-lg-3 col-xl-2\"><img decoding=\"async\" class=\"alignnone size-medium wp-image-34325\" src=\"https:\/\/www.eternumevents.com\/wp-content\/uploads\/2020\/05\/patricia.jpg\" alt=\"\" width=\"100%\"><\/div>\n<div class=\"col-12 col-sm-12 col-md-8 col-lg-9 col-xl-10\">\n<p><strong>Patricia Ram\u00edrez.<\/strong>  Psic\u00f3loga, conferenciante y escritora.<br \/>\nImparte charlas y talleres donde aborda temas sobre el optimismo y la actitud, la cohesi\u00f3n y trabajo en equipo. Transmite valores como la resiliencia, el liderazgo y la gesti\u00f3n del talento.<br \/>\nLa frase que la define es:  <em>No busques ser perfeccionista. Basta con ser responsable<\/em>.<\/p>\n<p>Conferencia \u00abSer bueno es bueno\u00bb, con el objetivo de facilitar el trabajo en equipo en las empresas, generando un buen ambiente de trabajo, y afectando positivamente a la productividad.<\/p>\n<\/div>\n<div class=\"clear\"><\/div>\n<div class=\"col-12 col-sm-12 col-md-4 col-lg-3 col-xl-2\"><img decoding=\"async\" class=\"alignnone size-medium wp-image-34325\" src=\"https:\/\/www.eternumevents.com\/wp-content\/uploads\/2020\/05\/victor.jpg\" alt=\"\" width=\"100%\"><\/div>\n<div><\/div>\n<div class=\"col-12 col-sm-12 col-md-8 col-lg-9 col-xl-10\"><strong>V\u00edctor K\u00fcppers.<\/strong>  Formador y autor, experto en motivaci\u00f3n y gesti\u00f3n del entusiasmo.<br \/>\nLas dos palabras m\u00e1s importantes por V\u00edctor K\u00fcppers son pasi\u00f3n y entusiasmo. Su objetivo es ayudar a las personas a que vivan y trabajen con valores y alegr\u00eda.<br \/>\n<em>Que nadie legue nunca a ti sino que al irse se sienta algo mejor y m\u00e1s feliz<\/em> es una frase de la Madre Teresa de Calcuta que le acompa\u00f1a all\u00ed donde va.<\/p>\n<p>Conferencia \u00abVivir con entusiasmo\u00bb, con el objetivo de ayudar a los participantes a reflexionar para que consigan potenciar su motivaci\u00f3n y que trabajen y vivan con m\u00e1s alegr\u00eda, ilusi\u00f3n y optimismo.<\/p><\/div>\n<div class=\"clearfix\"><\/div>\n<hr>\n<div class=\"col-12\">\n<h2>Role Playing<\/h2>\n<\/div>\n<div class=\"col-12 col-sm-12 col-md-4 col-lg-3 col-xl-2\"><img decoding=\"async\" class=\"alignnone size-medium wp-image-34325\" src=\"https:\/\/www.eternumevents.com\/wp-content\/uploads\/2020\/05\/txell.jpg\" alt=\"\" width=\"100%\"><\/div>\n<div class=\"col-12 col-sm-12 col-md-8 col-lg-9 col-xl-10\">\n<p><strong>Txell Cabrera<\/strong> es experta en sacar la productividad de cada persona a base del movimiento. Si su equipo pasa por momentos de cambios, de estr\u00e9s, de desmotivaci\u00f3n, de bloqueo&#8230; y sabe que esto afecta al ambiente, la energ\u00eda y la productividad, probablemente lo que m\u00e1s necesita en estos momentos es que su equipo humano se sienta feliz de formar parte de la empresa. Su empresa es \u00fanica, especial e inigualable. Por eso, \u00e9ste es un servicio totalmente adaptado a vosotros, donde Txell le har\u00e1 entrar en movimiento.<br \/>\nPorque el movimiento nos hace sentir libres y nos ayuda a mejorar nuestra autoestima.<\/p>\n<\/div>\n<div class=\"clearfix\"><\/div>\n<hr>\n<div class=\"col-12\">\n<h2>Team building<\/h2>\n<p>Actividades a medida para todos los trabajadores de su empresa, donde todos participar\u00e1 y propiciando el trabajo en equipo.<\/p>\n<\/div>\n<div class=\"col-12 col-sm-12 col-md-4 col-lg-3 col-xl-2\"><img decoding=\"async\" class=\"alignnone size-medium wp-image-34325\" src=\"https:\/\/www.eternumevents.com\/wp-content\/uploads\/2020\/05\/team.jpg\" alt=\"\" width=\"100%\"><\/div>\n<div class=\"col-12 col-sm-12 col-md-8 col-lg-9 col-xl-10\">\n<p>\u2981 <strong>Trivial<\/strong> : \u00bfQui\u00e9n sabe la historia de su empresa? \u00bfQui\u00e9n conoce a todas las trabajadoras y trabajadores? \u00bfTodo el mundo recorda los valores? \u00bfY la misi\u00f3n o la visi\u00f3n? El ganador se levantar\u00e1 un premio muy especial. Disponible tambi\u00e9n en versi\u00f3n online.<\/p>\n<p>\u2981 <strong>Escape room<\/strong> : Pruebas relacionadas con la tem\u00e1tica de su empresa. Se puede realizar en las mismas instalaciones.<\/p>\n<p>\u2981 <strong>Wine tasting<\/strong> : Si prefiere hacer una salida fuera del sitio de trabajo, hemos pensado en una visita a una bodega, para realizar una cata de vinos en grupo, y conocer los beneficios que aporta el consumo moderado de vino en las personas. puede valorar la opci\u00f3n de realizar la cata en las instalaciones de la misma empresa.<\/p>\n<p>\u2981 <strong>Taller de risoterapia<\/strong> : Todos hemos o\u00eddo hablar alguna vez de la risoterapia y de los m\u00faltiples beneficios que aporta. La risoterapia es clave para eliminar la energ\u00eda negativa y aumenta la autoestima. Adem\u00e1s, estimula la creatividad de las personas y aumenta su productividad.<\/p>\n<p>\u2981 <strong>Taller de yoga o mindfulness<\/strong> : Favorece la capacidad de concentraci\u00f3n, mejora las relaciones personales y ayuda a combatir el estr\u00e9s, fomentando un estado de relajaci\u00f3n y tranquilidad. Disponible tambi\u00e9n en versi\u00f3n online.<\/p>\n<\/div>\n<div class=\"clearfix\"><\/div>\n<hr>\n<div class=\"col-12\">\n<h2>Catering<\/h2>\n<\/div>\n<div class=\"col-12 col-sm-12 col-md-4 col-lg-3 col-xl-2\"><img decoding=\"async\" class=\"alignnone size-medium wp-image-34325\" src=\"https:\/\/www.eternumevents.com\/wp-content\/uploads\/2020\/05\/catering.jpg\" alt=\"\" width=\"100%\"><\/div>\n<div class=\"col-12 col-sm-12 col-md-8 col-lg-9 col-xl-10\">\n<p>Os ofreceremos la propuesta que mejor encaje con sus necesidades. Nos aseguraremos que se ofrezca un servicio personalizado, cuidando el m\u00ednimo detalle, adapt\u00e1ndose a los nuevos tiempos y modelos, que favorezca a una experiencia gastron\u00f3mica adaptada a los valores de su empresa.<\/p>\n<p>Eternum Events tambi\u00e9n trabaja con empresas de Responsabilidad Social Empresarial, donde la igualdad, el compromiso social, la integridad y la cooperaci\u00f3n son sus valores fundamentales.<\/p>\n<\/div>\n<div class=\"clearfix\"><\/div>\n<hr>\n<div class=\"col-12\">\n<h2>Medidas preventivas<\/h2>\n<\/div>\n<div class=\"col-12 col-sm-12 col-md-4 col-lg-3 col-xl-2\"><img decoding=\"async\" class=\"alignnone size-medium wp-image-34325\" src=\"https:\/\/www.eternumevents.com\/wp-content\/uploads\/2020\/05\/covid.jpg\" alt=\"\" width=\"100%\"><\/div>\n<div class=\"col-12 col-sm-12 col-md-8 col-lg-9 col-xl-10\">\n<p>Eternum Events sigue de forma imperativa todas las indicaciones preventivas, de este modo, informamos que hasta llegada a la FASE 1 de la \u00abdesescalada\u00bb no se realizar\u00e1 ning\u00fan evento presencial. Seg\u00fan la normativa vigente, se indica que, a partir de la FASE 1, se empezar\u00e1 con la realizaci\u00f3n de espect\u00e1culos culturales y actos de menos de 30 personas y un tercio del aforo en recintos cerrados y con menos de 200 al aire libre, siempre que sean asentados y manteniendo la distancia de seguridad.<\/p>\n<p>A partir de la FASE 2, los actos al aire libre ser\u00e1n de hasta 400 personas y 50 personas en espacios cerrados.<\/p>\n<p>A partir de la FASE 3, se volver\u00e1 a valorar el aforo en los recintos, las distancias de seguridad y las medidas de limpieza, a fin de ir siendo m\u00e1s permisivos a medida que avancen las fases.<\/p>\n<p>Estas medidas se revisar\u00e1n cada dos semanas de forma coordinada con las autonom\u00edas y se previene que no sean igual para todas.<\/p>\n<\/div>\n<div class=\"clearfix\"><\/div>\n<hr>\n<\/div>\n","protected":false},"excerpt":{"rendered":"<p>Porque creemos en&#8230; S UPERACION \u00c9 XITO R ESILIENCIA E FICACIA M OTIVACI\u00d3N Porque queremos seguir adelante, Porque queremos volver a ver a nuestros compa\u00f1eros, Porque queremos seguir aportando nuestro grano de arena en la empresa, Porque queremos emocionarnos de alegr\u00eda, Porque queremos cooperar en equipo, Porque queremos un d\u00eda dedicado a nosotros, \u00a1Porque somos [&hellip;]<\/p>\n","protected":false},"author":1,"featured_media":4126,"parent":0,"menu_order":0,"comment_status":"closed","ping_status":"closed","template":"serem.php","meta":{"_acf_changed":false,"inline_featured_image":false,"_mc_calendar":[],"footnotes":""},"class_list":["post-5755","page","type-page","status-publish","has-post-thumbnail","hentry"],"acf":[],"yoast_head":"<!-- This site is optimized with the Yoast SEO plugin v27.4 - https:\/\/yoast.com\/product\/yoast-seo-wordpress\/ -->\n<title>SEREMOS! - Eternum Events<\/title>\n<meta name=\"robots\" content=\"index, follow, max-snippet:-1, max-image-preview:large, max-video-preview:-1\" \/>\n<link rel=\"canonical\" href=\"https:\/\/www.eternumevents.com\/seremos\/\" \/>\n<meta property=\"og:locale\" content=\"es_ES\" \/>\n<meta property=\"og:type\" content=\"article\" \/>\n<meta property=\"og:title\" content=\"SEREMOS! - Eternum Events\" \/>\n<meta property=\"og:description\" content=\"Porque creemos en... S UPERACION \u00c9 XITO R ESILIENCIA E FICACIA M OTIVACI\u00d3N Porque queremos seguir adelante, Porque queremos volver a ver a nuestros compa\u00f1eros, Porque queremos seguir aportando nuestro grano de arena en la empresa, Porque queremos emocionarnos de alegr\u00eda, Porque queremos cooperar en equipo, Porque queremos un d\u00eda dedicado a nosotros, \u00a1Porque somos [&hellip;]\" \/>\n<meta property=\"og:url\" content=\"https:\/\/www.eternumevents.com\/seremos\/\" \/>\n<meta property=\"og:site_name\" content=\"Eternum Events\" \/>\n<meta property=\"og:image\" content=\"https:\/\/www.eternumevents.com\/wp-content\/uploads\/2021\/01\/albert.png\" \/>\n<meta name=\"twitter:card\" content=\"summary_large_image\" \/>\n<meta name=\"twitter:label1\" content=\"Tiempo de lectura\" \/>\n\t<meta name=\"twitter:data1\" content=\"6 minutos\" \/>\n<script type=\"application\/ld+json\" class=\"yoast-schema-graph\">{\"@context\":\"https:\\\/\\\/schema.org\",\"@graph\":[{\"@type\":\"WebPage\",\"@id\":\"https:\\\/\\\/www.eternumevents.com\\\/seremos\\\/\",\"url\":\"https:\\\/\\\/www.eternumevents.com\\\/seremos\\\/\",\"name\":\"SEREMOS! - Eternum Events\",\"isPartOf\":{\"@id\":\"https:\\\/\\\/www.eternumevents.com\\\/#website\"},\"primaryImageOfPage\":{\"@id\":\"https:\\\/\\\/www.eternumevents.com\\\/seremos\\\/#primaryimage\"},\"image\":{\"@id\":\"https:\\\/\\\/www.eternumevents.com\\\/seremos\\\/#primaryimage\"},\"thumbnailUrl\":\"https:\\\/\\\/www.eternumevents.com\\\/wp-content\\\/uploads\\\/2021\\\/01\\\/serem-back-copia.jpg\",\"datePublished\":\"2021-01-15T10:29:00+00:00\",\"breadcrumb\":{\"@id\":\"https:\\\/\\\/www.eternumevents.com\\\/seremos\\\/#breadcrumb\"},\"inLanguage\":\"es\",\"potentialAction\":[{\"@type\":\"ReadAction\",\"target\":[\"https:\\\/\\\/www.eternumevents.com\\\/seremos\\\/\"]}]},{\"@type\":\"ImageObject\",\"inLanguage\":\"es\",\"@id\":\"https:\\\/\\\/www.eternumevents.com\\\/seremos\\\/#primaryimage\",\"url\":\"https:\\\/\\\/www.eternumevents.com\\\/wp-content\\\/uploads\\\/2021\\\/01\\\/serem-back-copia.jpg\",\"contentUrl\":\"https:\\\/\\\/www.eternumevents.com\\\/wp-content\\\/uploads\\\/2021\\\/01\\\/serem-back-copia.jpg\",\"width\":1920,\"height\":564},{\"@type\":\"BreadcrumbList\",\"@id\":\"https:\\\/\\\/www.eternumevents.com\\\/seremos\\\/#breadcrumb\",\"itemListElement\":[{\"@type\":\"ListItem\",\"position\":1,\"name\":\"Inici\",\"item\":\"https:\\\/\\\/www.eternumevents.com\\\/es\\\/\"},{\"@type\":\"ListItem\",\"position\":2,\"name\":\"SEREMOS!\"}]},{\"@type\":\"WebSite\",\"@id\":\"https:\\\/\\\/www.eternumevents.com\\\/#website\",\"url\":\"https:\\\/\\\/www.eternumevents.com\\\/\",\"name\":\"Eternum Events\",\"description\":\"Creem per emocionar\",\"publisher\":{\"@id\":\"https:\\\/\\\/www.eternumevents.com\\\/#organization\"},\"potentialAction\":[{\"@type\":\"SearchAction\",\"target\":{\"@type\":\"EntryPoint\",\"urlTemplate\":\"https:\\\/\\\/www.eternumevents.com\\\/?s={search_term_string}\"},\"query-input\":{\"@type\":\"PropertyValueSpecification\",\"valueRequired\":true,\"valueName\":\"search_term_string\"}}],\"inLanguage\":\"es\"},{\"@type\":\"Organization\",\"@id\":\"https:\\\/\\\/www.eternumevents.com\\\/#organization\",\"name\":\"Eternum Events\",\"url\":\"https:\\\/\\\/www.eternumevents.com\\\/\",\"logo\":{\"@type\":\"ImageObject\",\"inLanguage\":\"es\",\"@id\":\"https:\\\/\\\/www.eternumevents.com\\\/#\\\/schema\\\/logo\\\/image\\\/\",\"url\":\"https:\\\/\\\/www.eternumevents.com\\\/wp-content\\\/uploads\\\/2024\\\/03\\\/main-logo.svg\",\"contentUrl\":\"https:\\\/\\\/www.eternumevents.com\\\/wp-content\\\/uploads\\\/2024\\\/03\\\/main-logo.svg\",\"width\":223,\"height\":94,\"caption\":\"Eternum Events\"},\"image\":{\"@id\":\"https:\\\/\\\/www.eternumevents.com\\\/#\\\/schema\\\/logo\\\/image\\\/\"}}]}<\/script>\n<!-- \/ Yoast SEO plugin. -->","yoast_head_json":{"title":"SEREMOS! - Eternum Events","robots":{"index":"index","follow":"follow","max-snippet":"max-snippet:-1","max-image-preview":"max-image-preview:large","max-video-preview":"max-video-preview:-1"},"canonical":"https:\/\/www.eternumevents.com\/seremos\/","og_locale":"es_ES","og_type":"article","og_title":"SEREMOS! - Eternum Events","og_description":"Porque creemos en... S UPERACION \u00c9 XITO R ESILIENCIA E FICACIA M OTIVACI\u00d3N Porque queremos seguir adelante, Porque queremos volver a ver a nuestros compa\u00f1eros, Porque queremos seguir aportando nuestro grano de arena en la empresa, Porque queremos emocionarnos de alegr\u00eda, Porque queremos cooperar en equipo, Porque queremos un d\u00eda dedicado a nosotros, \u00a1Porque somos [&hellip;]","og_url":"https:\/\/www.eternumevents.com\/seremos\/","og_site_name":"Eternum Events","og_image":[{"url":"https:\/\/www.eternumevents.com\/wp-content\/uploads\/2021\/01\/albert.png","type":"","width":"","height":""}],"twitter_card":"summary_large_image","twitter_misc":{"Tiempo de lectura":"6 minutos"},"schema":{"@context":"https:\/\/schema.org","@graph":[{"@type":"WebPage","@id":"https:\/\/www.eternumevents.com\/seremos\/","url":"https:\/\/www.eternumevents.com\/seremos\/","name":"SEREMOS! - Eternum Events","isPartOf":{"@id":"https:\/\/www.eternumevents.com\/#website"},"primaryImageOfPage":{"@id":"https:\/\/www.eternumevents.com\/seremos\/#primaryimage"},"image":{"@id":"https:\/\/www.eternumevents.com\/seremos\/#primaryimage"},"thumbnailUrl":"https:\/\/www.eternumevents.com\/wp-content\/uploads\/2021\/01\/serem-back-copia.jpg","datePublished":"2021-01-15T10:29:00+00:00","breadcrumb":{"@id":"https:\/\/www.eternumevents.com\/seremos\/#breadcrumb"},"inLanguage":"es","potentialAction":[{"@type":"ReadAction","target":["https:\/\/www.eternumevents.com\/seremos\/"]}]},{"@type":"ImageObject","inLanguage":"es","@id":"https:\/\/www.eternumevents.com\/seremos\/#primaryimage","url":"https:\/\/www.eternumevents.com\/wp-content\/uploads\/2021\/01\/serem-back-copia.jpg","contentUrl":"https:\/\/www.eternumevents.com\/wp-content\/uploads\/2021\/01\/serem-back-copia.jpg","width":1920,"height":564},{"@type":"BreadcrumbList","@id":"https:\/\/www.eternumevents.com\/seremos\/#breadcrumb","itemListElement":[{"@type":"ListItem","position":1,"name":"Inici","item":"https:\/\/www.eternumevents.com\/es\/"},{"@type":"ListItem","position":2,"name":"SEREMOS!"}]},{"@type":"WebSite","@id":"https:\/\/www.eternumevents.com\/#website","url":"https:\/\/www.eternumevents.com\/","name":"Eternum Events","description":"Creem per emocionar","publisher":{"@id":"https:\/\/www.eternumevents.com\/#organization"},"potentialAction":[{"@type":"SearchAction","target":{"@type":"EntryPoint","urlTemplate":"https:\/\/www.eternumevents.com\/?s={search_term_string}"},"query-input":{"@type":"PropertyValueSpecification","valueRequired":true,"valueName":"search_term_string"}}],"inLanguage":"es"},{"@type":"Organization","@id":"https:\/\/www.eternumevents.com\/#organization","name":"Eternum Events","url":"https:\/\/www.eternumevents.com\/","logo":{"@type":"ImageObject","inLanguage":"es","@id":"https:\/\/www.eternumevents.com\/#\/schema\/logo\/image\/","url":"https:\/\/www.eternumevents.com\/wp-content\/uploads\/2024\/03\/main-logo.svg","contentUrl":"https:\/\/www.eternumevents.com\/wp-content\/uploads\/2024\/03\/main-logo.svg","width":223,"height":94,"caption":"Eternum Events"},"image":{"@id":"https:\/\/www.eternumevents.com\/#\/schema\/logo\/image\/"}}]}},"_links":{"self":[{"href":"https:\/\/www.eternumevents.com\/es\/wp-json\/wp\/v2\/pages\/5755","targetHints":{"allow":["GET"]}}],"collection":[{"href":"https:\/\/www.eternumevents.com\/es\/wp-json\/wp\/v2\/pages"}],"about":[{"href":"https:\/\/www.eternumevents.com\/es\/wp-json\/wp\/v2\/types\/page"}],"author":[{"embeddable":true,"href":"https:\/\/www.eternumevents.com\/es\/wp-json\/wp\/v2\/users\/1"}],"replies":[{"embeddable":true,"href":"https:\/\/www.eternumevents.com\/es\/wp-json\/wp\/v2\/comments?post=5755"}],"version-history":[{"count":0,"href":"https:\/\/www.eternumevents.com\/es\/wp-json\/wp\/v2\/pages\/5755\/revisions"}],"wp:featuredmedia":[{"embeddable":true,"href":"https:\/\/www.eternumevents.com\/es\/wp-json\/wp\/v2\/media\/4126"}],"wp:attachment":[{"href":"https:\/\/www.eternumevents.com\/es\/wp-json\/wp\/v2\/media?parent=5755"}],"curies":[{"name":"wp","href":"https:\/\/api.w.org\/{rel}","templated":true}]}}