{"id":5756,"date":"2020-12-02T12:44:40","date_gmt":"2020-12-02T10:44:40","guid":{"rendered":"https:\/\/www.eternumevents.com\/nova\/politica-de-privacidad\/"},"modified":"2024-11-13T18:40:38","modified_gmt":"2024-11-13T16:40:38","slug":"politica-de-privacidad","status":"publish","type":"page","link":"https:\/\/www.eternumevents.com\/es\/politica-de-privacidad\/","title":{"rendered":"Pol\u00edtica de privacidad"},"content":{"rendered":"\n<p>El sitio web <a href=\"https:\/\/www.eternumevents.com\/es\/\">https:\/\/www.eternumevents.com\/<\/a> es titularidad de Eternum Events SL, con CIF B25828237 y domicilio en Rambla de Ferran 10, 1r 1a CP. 25007, L\u00e9rida.<\/p>\n\n<p>De acuerdo con la legislaci\u00f3n vigente, Eternum Events SL ha inscrito sus ficheros en la Agencia Espa\u00f1ola de Protecci\u00f3n de Datos, adoptando las medidas t\u00e9cnicas y organizativas para garantizar la seguridad de los datos de car\u00e1cter personal y evitar su alteraci\u00f3n, p\u00e9rdida, tratamiento o acceso no autorizado, de conformidad con lo establecido en el RD 1720\/2007 por el que se aprueba el Reglamento de desarrollo de la EL 15\/99 de protecci\u00f3n de datos de car\u00e1cter personal.<\/p>\n\n<p>Los datos personales que nos facilite mediante el formulario \u201ccontacto\u201d, pasar\u00e1n a formar parte de nuestros ficheros con el fin de responder a las cuestiones que nos plantee y ponerse en contacto con usted.<\/p>\n\n<p>Los datos de car\u00e1cter personal que nos remita a trav\u00e9s del formulario \u201cinscr\u00edbete\u201d formar\u00e1n parte de nuestros ficheros con el fin de proceder a su inscripci\u00f3n en el curso elegido, facilitarle los servicios contratados, facturaci\u00f3n y cobro de los mismos, llevar el seguimiento del alumno y mantener la comunicaci\u00f3n necesaria con \u00e9l.<\/p>\n\n<p>En todos los casos en que nos facilite sus datos a trav\u00e9s de cualquiera de los formularios o direcciones de correo electr\u00f3nico de esta Web los mismos ser\u00e1n utilizados para remitirle por cualquier medio, incluidos medios electr\u00f3nicos, informaci\u00f3n sobre actividades y servicios propios que puedan ser de su inter\u00e9s, todo lo cual acepta expresamente con la remisi\u00f3n del formulario y\/o correo. Si en alg\u00fan momento no desea seguir recibiendo informaci\u00f3n de nuestra empresa, env\u00ede un correo a <a>hola@eternumevents.com<\/a> con el asunto \u201cbaja comunicaciones\u201d a la direcci\u00f3n en la que desea dejar de recibir nuestros correos promocionales. Sus datos no ser\u00e1n facilitados a terceros, salvo en los supuestos en los que sea necesario para el cumplimiento de la relaci\u00f3n establecida y\/o cuando est\u00e9 previsto legalmente.<\/p>\n\n<p>En esta Web existen enlaces a los perfiles en redes sociales en los que tiene presencia Eternum Events SL. Si decide seguirnos a trav\u00e9s de cualquier red social en la que la Academia tenga perfil o p\u00e1gina, le informamos que gestionaremos las comunicaciones mediante las mismas de acuerdo con los t\u00e9rminos y condiciones de cada red social y que trataremos sus datos por gestionar la lista de personas interesadas en las actividades y noticias de la empresa que se faciliten a trav\u00e9s de cada red social. Esta informaci\u00f3n siempre la recibir\u00e1 a trav\u00e9s de la red social en cuesti\u00f3n y mientras sea seguidor de Eternum Events SL en la misma. Cada una de estas redes sociales cuenta con unos t\u00e9rminos y condiciones propios y son entidades ajenas a la empresa.<\/p>\n\n<p>Eternum Events SL se reserva el derecho de modificar su pol\u00edtica de privacidad por motivos de adaptaci\u00f3n a la legislaci\u00f3n vigente, o similares, por lo que se recomienda al usuario de este sitio web la revisi\u00f3n peri\u00f3dica de este apartado, ya que el uso de la Web por parte del usuario se entender\u00e1 como aceptaci\u00f3n de la pol\u00edtica de privacidad vigente en ese momento. Puede ejercitar sus derechos de acceso, rectificaci\u00f3n, cancelaci\u00f3n y oposici\u00f3n por escrito, junto con fotocopia de documento que acredite su identidad ante el responsable (Eternum Events SL) en la siguiente direcci\u00f3n: Clot de les Monges, 4 \u2013 2\u00aa L\u00e9rida CP. 25007, L\u00e9rida.<\/p>\n","protected":false},"excerpt":{"rendered":"<p>El sitio web https:\/\/www.eternumevents.com\/ es titularidad de Eternum Events SL, con CIF B25828237 y domicilio en Rambla de Ferran 10, 1r 1a CP. 25007, L\u00e9rida. De acuerdo con la legislaci\u00f3n vigente, Eternum Events SL ha inscrito sus ficheros en la Agencia Espa\u00f1ola de Protecci\u00f3n de Datos, adoptando las medidas t\u00e9cnicas y organizativas para garantizar la [&hellip;]<\/p>\n","protected":false},"author":1,"featured_media":0,"parent":0,"menu_order":0,"comment_status":"closed","ping_status":"closed","template":"","meta":{"_acf_changed":false,"inline_featured_image":false,"_mc_calendar":[],"footnotes":""},"class_list":["post-5756","page","type-page","status-publish","hentry"],"acf":[],"yoast_head":"<!-- This site is optimized with the Yoast SEO plugin v27.4 - https:\/\/yoast.com\/product\/yoast-seo-wordpress\/ -->\n<title>Pol\u00edtica de privacidad - Eternum Events<\/title>\n<meta name=\"robots\" content=\"index, follow, max-snippet:-1, max-image-preview:large, max-video-preview:-1\" \/>\n<link rel=\"canonical\" href=\"https:\/\/www.eternumevents.com\/es\/politica-de-privacidad\/\" \/>\n<meta property=\"og:locale\" content=\"es_ES\" \/>\n<meta property=\"og:type\" content=\"article\" \/>\n<meta property=\"og:title\" content=\"Pol\u00edtica de privacidad - Eternum Events\" \/>\n<meta property=\"og:description\" content=\"El sitio web https:\/\/www.eternumevents.com\/ es titularidad de Eternum Events SL, con CIF B25828237 y domicilio en Rambla de Ferran 10, 1r 1a CP. 25007, L\u00e9rida. De acuerdo con la legislaci\u00f3n vigente, Eternum Events SL ha inscrito sus ficheros en la Agencia Espa\u00f1ola de Protecci\u00f3n de Datos, adoptando las medidas t\u00e9cnicas y organizativas para garantizar la [&hellip;]\" \/>\n<meta property=\"og:url\" content=\"https:\/\/www.eternumevents.com\/es\/politica-de-privacidad\/\" \/>\n<meta property=\"og:site_name\" content=\"Eternum Events\" \/>\n<meta property=\"article:modified_time\" content=\"2024-11-13T16:40:38+00:00\" \/>\n<meta name=\"twitter:card\" content=\"summary_large_image\" \/>\n<meta name=\"twitter:label1\" content=\"Tiempo de lectura\" \/>\n\t<meta name=\"twitter:data1\" content=\"3 minutos\" \/>\n<script type=\"application\/ld+json\" class=\"yoast-schema-graph\">{\"@context\":\"https:\\\/\\\/schema.org\",\"@graph\":[{\"@type\":\"WebPage\",\"@id\":\"https:\\\/\\\/www.eternumevents.com\\\/es\\\/politica-de-privacidad\\\/\",\"url\":\"https:\\\/\\\/www.eternumevents.com\\\/es\\\/politica-de-privacidad\\\/\",\"name\":\"Pol\u00edtica de privacidad - Eternum Events\",\"isPartOf\":{\"@id\":\"https:\\\/\\\/www.eternumevents.com\\\/#website\"},\"datePublished\":\"2020-12-02T10:44:40+00:00\",\"dateModified\":\"2024-11-13T16:40:38+00:00\",\"breadcrumb\":{\"@id\":\"https:\\\/\\\/www.eternumevents.com\\\/es\\\/politica-de-privacidad\\\/#breadcrumb\"},\"inLanguage\":\"es\",\"potentialAction\":[{\"@type\":\"ReadAction\",\"target\":[\"https:\\\/\\\/www.eternumevents.com\\\/es\\\/politica-de-privacidad\\\/\"]}]},{\"@type\":\"BreadcrumbList\",\"@id\":\"https:\\\/\\\/www.eternumevents.com\\\/es\\\/politica-de-privacidad\\\/#breadcrumb\",\"itemListElement\":[{\"@type\":\"ListItem\",\"position\":1,\"name\":\"Inici\",\"item\":\"https:\\\/\\\/www.eternumevents.com\\\/es\\\/\"},{\"@type\":\"ListItem\",\"position\":2,\"name\":\"Pol\u00edtica de privacidad\"}]},{\"@type\":\"WebSite\",\"@id\":\"https:\\\/\\\/www.eternumevents.com\\\/#website\",\"url\":\"https:\\\/\\\/www.eternumevents.com\\\/\",\"name\":\"Eternum Events\",\"description\":\"Creem per emocionar\",\"publisher\":{\"@id\":\"https:\\\/\\\/www.eternumevents.com\\\/#organization\"},\"potentialAction\":[{\"@type\":\"SearchAction\",\"target\":{\"@type\":\"EntryPoint\",\"urlTemplate\":\"https:\\\/\\\/www.eternumevents.com\\\/?s={search_term_string}\"},\"query-input\":{\"@type\":\"PropertyValueSpecification\",\"valueRequired\":true,\"valueName\":\"search_term_string\"}}],\"inLanguage\":\"es\"},{\"@type\":\"Organization\",\"@id\":\"https:\\\/\\\/www.eternumevents.com\\\/#organization\",\"name\":\"Eternum Events\",\"url\":\"https:\\\/\\\/www.eternumevents.com\\\/\",\"logo\":{\"@type\":\"ImageObject\",\"inLanguage\":\"es\",\"@id\":\"https:\\\/\\\/www.eternumevents.com\\\/#\\\/schema\\\/logo\\\/image\\\/\",\"url\":\"https:\\\/\\\/www.eternumevents.com\\\/wp-content\\\/uploads\\\/2024\\\/03\\\/main-logo.svg\",\"contentUrl\":\"https:\\\/\\\/www.eternumevents.com\\\/wp-content\\\/uploads\\\/2024\\\/03\\\/main-logo.svg\",\"width\":223,\"height\":94,\"caption\":\"Eternum Events\"},\"image\":{\"@id\":\"https:\\\/\\\/www.eternumevents.com\\\/#\\\/schema\\\/logo\\\/image\\\/\"}}]}<\/script>\n<!-- \/ Yoast SEO plugin. -->","yoast_head_json":{"title":"Pol\u00edtica de privacidad - Eternum Events","robots":{"index":"index","follow":"follow","max-snippet":"max-snippet:-1","max-image-preview":"max-image-preview:large","max-video-preview":"max-video-preview:-1"},"canonical":"https:\/\/www.eternumevents.com\/es\/politica-de-privacidad\/","og_locale":"es_ES","og_type":"article","og_title":"Pol\u00edtica de privacidad - Eternum Events","og_description":"El sitio web https:\/\/www.eternumevents.com\/ es titularidad de Eternum Events SL, con CIF B25828237 y domicilio en Rambla de Ferran 10, 1r 1a CP. 25007, L\u00e9rida. De acuerdo con la legislaci\u00f3n vigente, Eternum Events SL ha inscrito sus ficheros en la Agencia Espa\u00f1ola de Protecci\u00f3n de Datos, adoptando las medidas t\u00e9cnicas y organizativas para garantizar la [&hellip;]","og_url":"https:\/\/www.eternumevents.com\/es\/politica-de-privacidad\/","og_site_name":"Eternum Events","article_modified_time":"2024-11-13T16:40:38+00:00","twitter_card":"summary_large_image","twitter_misc":{"Tiempo de lectura":"3 minutos"},"schema":{"@context":"https:\/\/schema.org","@graph":[{"@type":"WebPage","@id":"https:\/\/www.eternumevents.com\/es\/politica-de-privacidad\/","url":"https:\/\/www.eternumevents.com\/es\/politica-de-privacidad\/","name":"Pol\u00edtica de privacidad - Eternum Events","isPartOf":{"@id":"https:\/\/www.eternumevents.com\/#website"},"datePublished":"2020-12-02T10:44:40+00:00","dateModified":"2024-11-13T16:40:38+00:00","breadcrumb":{"@id":"https:\/\/www.eternumevents.com\/es\/politica-de-privacidad\/#breadcrumb"},"inLanguage":"es","potentialAction":[{"@type":"ReadAction","target":["https:\/\/www.eternumevents.com\/es\/politica-de-privacidad\/"]}]},{"@type":"BreadcrumbList","@id":"https:\/\/www.eternumevents.com\/es\/politica-de-privacidad\/#breadcrumb","itemListElement":[{"@type":"ListItem","position":1,"name":"Inici","item":"https:\/\/www.eternumevents.com\/es\/"},{"@type":"ListItem","position":2,"name":"Pol\u00edtica de privacidad"}]},{"@type":"WebSite","@id":"https:\/\/www.eternumevents.com\/#website","url":"https:\/\/www.eternumevents.com\/","name":"Eternum Events","description":"Creem per emocionar","publisher":{"@id":"https:\/\/www.eternumevents.com\/#organization"},"potentialAction":[{"@type":"SearchAction","target":{"@type":"EntryPoint","urlTemplate":"https:\/\/www.eternumevents.com\/?s={search_term_string}"},"query-input":{"@type":"PropertyValueSpecification","valueRequired":true,"valueName":"search_term_string"}}],"inLanguage":"es"},{"@type":"Organization","@id":"https:\/\/www.eternumevents.com\/#organization","name":"Eternum Events","url":"https:\/\/www.eternumevents.com\/","logo":{"@type":"ImageObject","inLanguage":"es","@id":"https:\/\/www.eternumevents.com\/#\/schema\/logo\/image\/","url":"https:\/\/www.eternumevents.com\/wp-content\/uploads\/2024\/03\/main-logo.svg","contentUrl":"https:\/\/www.eternumevents.com\/wp-content\/uploads\/2024\/03\/main-logo.svg","width":223,"height":94,"caption":"Eternum Events"},"image":{"@id":"https:\/\/www.eternumevents.com\/#\/schema\/logo\/image\/"}}]}},"_links":{"self":[{"href":"https:\/\/www.eternumevents.com\/es\/wp-json\/wp\/v2\/pages\/5756","targetHints":{"allow":["GET"]}}],"collection":[{"href":"https:\/\/www.eternumevents.com\/es\/wp-json\/wp\/v2\/pages"}],"about":[{"href":"https:\/\/www.eternumevents.com\/es\/wp-json\/wp\/v2\/types\/page"}],"author":[{"embeddable":true,"href":"https:\/\/www.eternumevents.com\/es\/wp-json\/wp\/v2\/users\/1"}],"replies":[{"embeddable":true,"href":"https:\/\/www.eternumevents.com\/es\/wp-json\/wp\/v2\/comments?post=5756"}],"version-history":[{"count":2,"href":"https:\/\/www.eternumevents.com\/es\/wp-json\/wp\/v2\/pages\/5756\/revisions"}],"predecessor-version":[{"id":6439,"href":"https:\/\/www.eternumevents.com\/es\/wp-json\/wp\/v2\/pages\/5756\/revisions\/6439"}],"wp:attachment":[{"href":"https:\/\/www.eternumevents.com\/es\/wp-json\/wp\/v2\/media?parent=5756"}],"curies":[{"name":"wp","href":"https:\/\/api.w.org\/{rel}","templated":true}]}}