{"id":5765,"date":"2020-12-02T13:23:15","date_gmt":"2020-12-02T11:23:15","guid":{"rendered":"https:\/\/www.eternumevents.com\/nova\/configuracion-de-las-cookies\/"},"modified":"2020-12-02T13:23:15","modified_gmt":"2020-12-02T11:23:15","slug":"configuracion-de-las-cookies","status":"publish","type":"page","link":"https:\/\/www.eternumevents.com\/es\/configuracion-de-las-cookies\/","title":{"rendered":"Configuraci\u00f3n de las cookies"},"content":{"rendered":"<h1>Apartado 1<\/h1>\n<p><strong>Pol\u00edtica de cookies<\/strong><\/p>\n<p>Una cookie es un archivo peque\u00f1o que se almacena en su navegador cuando visita la mayor\u00eda de p\u00e1ginas web. Su utilidad es que la web sea capaz de recordar su visita cuando vuelva a navegar por esa p\u00e1gina. Las <em>cookies<\/em> suelen almacenar informaci\u00f3n de car\u00e1cter t\u00e9cnico, preferencias personales, personalizaci\u00f3n de contenidos, estad\u00edsticas de uso, links a redes sociales, acceso a cuentas de usuario, etc. El objetivo de la cookie es adaptar el contenido de la web a su perfil o necesidades, sin <em>cookies<\/em> los servicios ofrecidos por cualquier p\u00e1gina se ver\u00edan mermados notablemente. Si desea consultar m\u00e1s informaci\u00f3n sobre qu\u00e9 son las <em>cookies<\/em> , qu\u00e9 almacenan, c\u00f3mo eliminarlas, desactivarlas, etc. <strong>puede dirigirse al Apartado 2<\/strong><\/p>\n<p><strong> <\/strong><\/p>\n<p><strong>Cookies utilizadas con este sitio web<\/strong><\/p>\n<p>Siguiendo las directrices de la Agencia Espa\u00f1ola de Protecci\u00f3n de Datos procedemos a detallar el uso de <em>cookies<\/em> que realiza esta web con el fin de informarte con la m\u00e1xima exactitud posible.<\/p>\n<p>Este sitio web utiliza las siguientes <strong>cookies propias<\/strong> :<\/p>\n<p><em>Cookies<\/em> de sesi\u00f3n, para garantizar que los usuarios que escriban comentarios en tu blog sean humanos y no aplicaciones automatizadas. De esta manera se combate el <em>spam<\/em> .<\/p>\n<table style=\"border: 1px solid #000;\">\n<tbody>\n<tr style=\"border: 1px solid #000;\">\n<td>Nombre de la cookie<\/td>\n<td>Tipo de cookie<\/td>\n<td>Prop\u00f3sito de la cookie<\/td>\n<\/tr>\n<tr style=\"border: 1px solid #000;\">\n<td>PHPSESSID<\/td>\n<td>Sesi\u00f3n<\/td>\n<td>Esta cookie se utiliza por el lenguaje de cifrado PHP para permitir que las variables de SESI\u00d3N se guarden en el servidor web. Esta cookie es esencial para el funcionamiento de la web.<\/td>\n<\/tr>\n<tr style=\"border: 1px solid #000;\">\n<td>_utma, _utmb,<br \/>\n_ubmc,_utmz<\/td>\n<td>Duradera<\/td>\n<td>Estas cookies son establecidas por Google Analytic para rastrear el uso de la web. Estas cookies no se establecen si desconectas cookies por esta web.<\/td>\n<\/tr>\n<\/tbody>\n<\/table>\n<p>&nbsp;<\/p>\n<p>Este sitio web utiliza las siguientes <strong>cookies de terceros<\/strong> :<\/p>\n<p>Google Analytics: Almacena <em>cookies<\/em> para poder elaborar estad\u00edsticas sobre el tr\u00e1fico y volumen de visitas de esta web. Al utilizar este sitio web est\u00e1 consintiendo el tratamiento de informaci\u00f3n sobre usted por Google. En consecuencia, el ejercicio de cualquier derecho en este sentido deber\u00e1 hacerlo comunicando directamente con Google.<\/p>\n<p>Red sociales: Cada red social utiliza sus propias <em>cookies<\/em> para que usted pueda pulsar los botones del tipo <em>Me gusta<\/em> o <em>Compartir<\/em> .<\/p>\n<ul>\n<li>Facebook<\/li>\n<\/ul>\n<p><strong> <\/strong><\/p>\n<p><strong>Desactivaci\u00f3n o eliminaci\u00f3n de cookies<\/strong><\/p>\n<p>En cualquier momento podr\u00e1 ejercitar su derecho de desactivaci\u00f3n o eliminaci\u00f3n de <em>cookies<\/em> de este sitio web. Estas acciones se realizan de forma diferente en funci\u00f3n del navegador que est\u00e9 utilizando. <strong><a href=\"#ap3\">Aqu\u00ed dejamos una gu\u00eda r\u00e1pida para los navegadores m\u00e1s populares<\/a><\/strong> . (apartado 3)<\/p>\n<p>&nbsp;<\/p>\n<p><strong>Notas adicionales<\/strong><\/p>\n<p>Ni esta web ni sus representantes legales se hacen responsables ni del contenido ni de la veracidad de las pol\u00edticas de privacidad que puedan tener los terceros mencionados en esta pol\u00edtica de <em>cookies<\/em> .<\/p>\n<p>Los navegadores web son las herramientas encargadas de almacenar las <em>cookies<\/em> y desde este sitio de efectuar su derecho a eliminaci\u00f3n o desactivaci\u00f3n de las mismas. Ni esta web ni sus representantes legales pueden garantizar la correcta o incorrecta manipulaci\u00f3n de las <em>cookies<\/em> por parte de dichos navegadores.<\/p>\n<p>En algunos casos es necesario instalar <em>cookies<\/em> para que el navegador no olvide su decisi\u00f3n de no aceptaci\u00f3n de las mismas.<\/p>\n<p>En el caso de las <em>cookies<\/em> de Google Analytics, esta empresa almacena las <em>cookies<\/em> en los servidores en Estados Unidos y se compromete a no compartirla con terceros, salvo en los casos en los que sea necesario para el funcionamiento del sistema o cuando la ley obligue a tal efecto. Seg\u00fan Google no guarda su direcci\u00f3n IP. Google Inc. es una compa\u00f1\u00eda adherida al Escudo de privacidad que garantiza que todos los datos transferidos ser\u00e1n tratados con un nivel de protecci\u00f3n acorde con la normativa europea. Puede consultar informaci\u00f3n detallada al respecto <a href=\"http:\/\/safeharbor.export.gov\/companyinfo.aspx?id=16626\">en <strong>este enlace<\/strong><\/a> <strong>(1)<\/strong> . Si desea informaci\u00f3n sobre el uso que Google hace de las <em>cookies<\/em> <a href=\"https:\/\/developers.google.com\/analytics\/devguides\/collection\/analyticsjs\/cookie-usage?hl=es&amp;csw=1\">adjuntamos <strong>ese otro enlace<\/strong><\/a> <strong>(2)<\/strong> .<\/p>\n<p>Por cualquier duda o consulta sobre esta pol\u00edtica <em>cookies<\/em> no dude en comunicarse con nosotros a trav\u00e9s de la secci\u00f3n de contacto.<\/p>\n<p>(1) <a href=\"https:\/\/www.privacyshield.gov\/welcome\">https:\/\/www.privacyshield.gov\/welcome<\/a><br \/>\n(2) <a href=\"https:\/\/developers.google.com\/analytics\/devguides\/collection\/analyticsjs\/cookie-usage?hl=es&amp;csw=1\">https:\/\/developers.google.com\/analytics\/devguides\/collection\/analyticsjs\/cookie-usage?hl=es&amp;csw=1<\/a><\/p>\n<p><strong> <\/strong><\/p>\n<h1>Apartado 2<\/h1>\n<p><strong>M\u00e1s informaci\u00f3n sobre las cookies.<\/strong><\/p>\n<p><strong>\u00bfQu\u00e9 es una <em>cookie<\/em> ?<\/strong><\/p>\n<p>Una <em>cookie<\/em> es un archivo de texto inofensivo que se almacena en su navegador cuando visita casi cualquier p\u00e1gina web. La utilidad de la <em>cookie<\/em> es que la web sea capaz de recordar su visita cuando vuelva a navegar por esta p\u00e1gina. Aunque mucha gente no lo sabe, las <em>cookies<\/em> se llevan utilizando desde hace 20 a\u00f1os, cuando aparecieron los primeros navegadores para la World Wide Web.<\/p>\n<p><strong> <\/strong><\/p>\n<p><strong>\u00bfQu\u00e9 NO es una <em>cookie<\/em> ?<\/strong><\/p>\n<p>No es un virus, ni un troyano, ni un gusano, ni spam, ni spyware, ni obra ventanas pop-up.<\/p>\n<p><strong>\u00bfQu\u00e9 informaci\u00f3n almacena una <em>cookie<\/em> ?<\/strong><\/p>\n<p>Las <em>cookies<\/em> no suelen almacenar informaci\u00f3n sensible sobre usted, como tarjetas de cr\u00e9dito o datos bancarios, fotograf\u00edas, su DNI o informaci\u00f3n personal, etc. Los datos que guardan son de car\u00e1cter t\u00e9cnico, preferencias personales, personalizaci\u00f3n de contenidos, etc.<\/p>\n<p>El servidor web no asocia a usted como persona sino a su navegador web. De hecho, si usted navega habitualmente con Internet Explorer pruebe a navegar por la misma web con Firefox o Chrome y ver\u00e1 que la web no se da cuenta de que es usted la misma persona porque en realidad est\u00e1 asociando al navegador, no a la persona.<\/p>\n<p><strong> <\/strong><\/p>\n<p><strong>\u00bfQu\u00e9 tipos de <em>cookies<\/em> existen?<\/strong><\/p>\n<p><em>Cookies<\/em> t\u00e9cnicas: Son las m\u00e1s elementales y permiten, entre otras cosas, saber cu\u00e1ndo est\u00e1 navegando un humano o una aplicaci\u00f3n automatizada, cu\u00e1ndo navega un usuario an\u00f3nimo y un registrado, tareas b\u00e1sicas para el funcionamiento de cualquier web din\u00e1mica.<\/p>\n<p><em>Cookies<\/em> de an\u00e1lisis: Recogen informaci\u00f3n sobre el tipo de navegaci\u00f3n que est\u00e1 realizando, las secciones que m\u00e1s utiliza, productos consultados, franja horaria de uso, idioma, etc.<\/p>\n<p><em>Cookies<\/em> publicitarias: Muestran publicidad en funci\u00f3n de su navegaci\u00f3n, su pa\u00eds de procedencia, idioma, etc.<\/p>\n<p><strong> <\/strong><\/p>\n<p><strong>\u00bfQu\u00e9 son las <em>cookies<\/em> propias y las de terceros?<\/strong><\/p>\n<p>Las <em>cookies<\/em> propias son las generadas por la p\u00e1gina que est\u00e1 visitando y las de terceros son las generadas por servicios o proveedores externos como Facebook, Twitter, Google, etc.<\/p>\n<p><strong>\u00bfQu\u00e9 pasa si desactivo las <em>cookies<\/em> ?<\/strong><\/p>\n<p>Para que entienda el alcance que puede tener desactivar las <em>cookies<\/em> , le mostramos unos ejemplos:<\/p>\n<p>No podr\u00e1 compartir contenidos de esta web en Facebook, Twitter o cualquier red social.<\/p>\n<p>El sitio web no podr\u00e1 adaptar los contenidos a sus preferencias personales, como suele ocurrir en las tiendas online.<\/p>\n<p>No podr\u00e1 acceder al \u00e1rea personal de esta web, como <em>Mi cuenta<\/em> , o <em>Mi perfil<\/em> o <em>Mis pedidos<\/em> .<\/p>\n<p>Tiendas online: Le ser\u00e1 imposible realizar compras online, tendr\u00e1n que ser telef\u00f3nicas o visitando la tienda f\u00edsica si dispone de \u00e9sta.<\/p>\n<p>Ser\u00e1 imposible personalizar sus preferencias geogr\u00e1ficas como franja horaria, divisa o idioma.<\/p>\n<p>El sitio web no podr\u00e1 realizar anal\u00edticas web sobre visitantes y tr\u00e1fico en la web, lo que dificultar\u00e1 que la web sea competitiva.<\/p>\n<p>No podr\u00e1 escribir en el blog, no podr\u00e1 subir fotos, publicar comentarios, valorar o puntuar contenidos. La web tampoco podr\u00e1 saber si usted es un humano o una aplicaci\u00f3n automatizada que publica <em>spam<\/em> .<\/p>\n<p>No podr\u00e1 mostrarse publicidad sectorizada, lo que reducir\u00e1 los ingresos publicitarios de la web.<\/p>\n<p>Todas las redes sociales utilizan <em>cookies<\/em> , si las desactiva no podr\u00e1 utilizar ninguna red social.<\/p>\n<p><strong> <\/strong><\/p>\n<p><strong>\u00bfSe pueden eliminar las <em>cookies<\/em> ?<\/strong><\/p>\n<p>S\u00ed. No s\u00f3lo eliminar, tambi\u00e9n bloquear, de forma general o particular por un dominio espec\u00edfico.<\/p>\n<p>Para eliminar las <em>cookies<\/em> de un sitio web debe ir a la configuraci\u00f3n de su navegador y all\u00ed podr\u00e1 buscar las asociadas al dominio en cuesti\u00f3n y proceder a su eliminaci\u00f3n.<\/p>\n<p>&nbsp;<\/p>\n<p><strong> <\/strong><\/p>\n<h1 id=\"ap3\">Apartado 3<\/h1>\n<p><strong>Configuraci\u00f3n de cookies por los navegadores m\u00e1s populares <\/strong><\/p>\n<p>A continuaci\u00f3n le explicamos c\u00f3mo acceder a una <em>cookie<\/em> determinada del navegador <strong>Chrome<\/strong> . Nota: estos pasos pueden variar en funci\u00f3n de la versi\u00f3n del navegador:<\/p>\n<p>Vaya a Configuraci\u00f3n o Preferencias mediante el men\u00fa Archivo o pulsando el icono de personalizaci\u00f3n que aparece arriba a la derecha.<\/p>\n<p>Ver\u00e1 diferentes secciones, pulse la opci\u00f3n <em>Mostrar opciones avanzadas<\/em> .<\/p>\n<p>Vaya a Privacidad, <em>Configuraci\u00f3n de contenido<\/em> .<\/p>\n<p>Seleccione <em>Todas las cookies y los datos de sitios<\/em> .<\/p>\n<p>Aparecer\u00e1 un listado con todas las <em>cookies<\/em> ordenadas por dominio. Para que le sea m\u00e1s f\u00e1cil encontrar las <em>cookies<\/em> de un determinado dominio introduzca parcial o totalmente la direcci\u00f3n en el campo <em>Buscar cookies.<\/em><\/p>\n<p>Despu\u00e9s de realizar este filtro aparecer\u00e1n en pantalla una o varias l\u00edneas con las <em>cookies<\/em> de la web solicitada. Ahora s\u00f3lo tiene que seleccionarla y pulsar la X para proceder a su eliminaci\u00f3n.<\/p>\n<p>&nbsp;<\/p>\n<p>Para acceder a la configuraci\u00f3n de <em>cookies<\/em> del navegador <strong>Internet Explorer<\/strong> siga estos pasos (pueden variar en funci\u00f3n de la versi\u00f3n del navegador):<\/p>\n<p>Vaya a <em>Herramientas, Opciones de Internet<\/em><\/p>\n<p>Haga click en <em>Privacidad<\/em> .<\/p>\n<p>Mueva el deslizador hasta ajustar el nivel de privacidad que desee.<\/p>\n<p>&nbsp;<\/p>\n<p>Para acceder a la configuraci\u00f3n de cookies del navegador <strong>Firefox<\/strong> siga estos pasos (pueden variar en funci\u00f3n de la versi\u00f3n del navegador):<\/p>\n<p>Vaya a <em>Opciones<\/em> o <em>Preferencias<\/em> seg\u00fan su sistema operativo.<\/p>\n<p>Haga click en <em>Privacidad<\/em> .<\/p>\n<p>En <em>Historial<\/em> elija <em>Utilizar una configuraci\u00f3n personalizada para el historial<\/em> .<\/p>\n<p>Ahora ver\u00e1 la opci\u00f3n Aceptar <em>cookies<\/em> , puede activarla o desactivarla seg\u00fan sus preferencias.<\/p>\n<p>Para acceder a la configuraci\u00f3n de <em>cookies<\/em> del navegador <strong>Safari por OSX<\/strong> siga estos pasos (pueden variar en funci\u00f3n de la versi\u00f3n del navegador):<\/p>\n<p>Vaya a <em>Preferencias<\/em> , luego Privacidad.<\/p>\n<p>Aqu\u00ed ver\u00e1 la opci\u00f3n Bloquear <em>cookies<\/em> para que ajuste el tipo de bloqueo que desee realizar.<\/p>\n<p>&nbsp;<\/p>\n<p>Para acceder a la configuraci\u00f3n de <em>cookies<\/em> del navegador <strong>Safari por iOS<\/strong> siga estos pasos (pueden variar en funci\u00f3n de la versi\u00f3n del navegador):<\/p>\n<p>Vaya a <em>Ajustes<\/em> , luego <em>Safari<\/em> .<\/p>\n<p>Vaya a <em>Privacidad y Seguridad<\/em> , ver\u00e1 la opci\u00f3n <em>Bloquear cookies<\/em> para que ajuste el bloqueo que desea realizar.<\/p>\n<p>&nbsp;<\/p>\n<p>Para acceder a la configuraci\u00f3n de <em>cookies<\/em> del navegador por dispositivos <strong>Android<\/strong> siga estos pasos (pueden variar en funci\u00f3n de la versi\u00f3n del navegador):<\/p>\n<p>Ejecute el navegador y pulse la tecla <em>Men\u00fa<\/em> y, a continuaci\u00f3n, <em>Ajustes<\/em> .<\/p>\n<p>Vaya a <em>Seguridad<\/em> y <em>Privacidad<\/em> , ver\u00e1 la opci\u00f3n <em>Aceptar cookies<\/em> para que active o desactive la casilla.<\/p>\n<p>&nbsp;<\/p>\n<p>Para acceder a la configuraci\u00f3n de <em>cookies<\/em> del navegador por dispositivos <strong>Windows Phone<\/strong> siga estos pasos (pueden variar en funci\u00f3n de la versi\u00f3n del navegador):<\/p>\n<p>Abre <em>Internet Explorer<\/em> , luego <em>M\u00e1s<\/em> y <em>Configuraci\u00f3n<\/em> .<\/p>\n<p>Ahora puede activar o desactivar la casilla <em>Permitir cookies<\/em> .<\/p>\n<p>&nbsp;<\/p>\n<p>&nbsp;<\/p>\n<p>&nbsp;<\/p>\n<p>&nbsp;<\/p>\n","protected":false},"excerpt":{"rendered":"<p>Apartado 1 Pol\u00edtica de cookies Una cookie es un archivo peque\u00f1o que se almacena en su navegador cuando visita la mayor\u00eda de p\u00e1ginas web. Su utilidad es que la web sea capaz de recordar su visita cuando vuelva a navegar por esa p\u00e1gina. Las cookies suelen almacenar informaci\u00f3n de car\u00e1cter t\u00e9cnico, preferencias personales, personalizaci\u00f3n de [&hellip;]<\/p>\n","protected":false},"author":1,"featured_media":0,"parent":0,"menu_order":0,"comment_status":"closed","ping_status":"closed","template":"","meta":{"_acf_changed":false,"inline_featured_image":false,"_mc_calendar":[],"footnotes":""},"class_list":["post-5765","page","type-page","status-publish","hentry"],"acf":[],"yoast_head":"<!-- This site is optimized with the Yoast SEO plugin v27.5 - https:\/\/yoast.com\/product\/yoast-seo-wordpress\/ -->\n<title>Configuraci\u00f3n de las cookies - Eternum Events<\/title>\n<meta name=\"robots\" content=\"index, follow, max-snippet:-1, max-image-preview:large, max-video-preview:-1\" \/>\n<link rel=\"canonical\" href=\"https:\/\/www.eternumevents.com\/configuracion-de-las-cookies\/\" \/>\n<meta property=\"og:locale\" content=\"es_ES\" \/>\n<meta property=\"og:type\" content=\"article\" \/>\n<meta property=\"og:title\" content=\"Configuraci\u00f3n de las cookies - Eternum Events\" \/>\n<meta property=\"og:description\" content=\"Apartado 1 Pol\u00edtica de cookies Una cookie es un archivo peque\u00f1o que se almacena en su navegador cuando visita la mayor\u00eda de p\u00e1ginas web. Su utilidad es que la web sea capaz de recordar su visita cuando vuelva a navegar por esa p\u00e1gina. Las cookies suelen almacenar informaci\u00f3n de car\u00e1cter t\u00e9cnico, preferencias personales, personalizaci\u00f3n de [&hellip;]\" \/>\n<meta property=\"og:url\" content=\"https:\/\/www.eternumevents.com\/configuracion-de-las-cookies\/\" \/>\n<meta property=\"og:site_name\" content=\"Eternum Events\" \/>\n<meta name=\"twitter:card\" content=\"summary_large_image\" \/>\n<meta name=\"twitter:label1\" content=\"Tiempo de lectura\" \/>\n\t<meta name=\"twitter:data1\" content=\"9 minutos\" \/>\n<script type=\"application\/ld+json\" class=\"yoast-schema-graph\">{\"@context\":\"https:\\\/\\\/schema.org\",\"@graph\":[{\"@type\":\"WebPage\",\"@id\":\"https:\\\/\\\/www.eternumevents.com\\\/configuracion-de-las-cookies\\\/\",\"url\":\"https:\\\/\\\/www.eternumevents.com\\\/configuracion-de-las-cookies\\\/\",\"name\":\"Configuraci\u00f3n de las cookies - Eternum Events\",\"isPartOf\":{\"@id\":\"https:\\\/\\\/www.eternumevents.com\\\/#website\"},\"datePublished\":\"2020-12-02T11:23:15+00:00\",\"breadcrumb\":{\"@id\":\"https:\\\/\\\/www.eternumevents.com\\\/configuracion-de-las-cookies\\\/#breadcrumb\"},\"inLanguage\":\"es\",\"potentialAction\":[{\"@type\":\"ReadAction\",\"target\":[\"https:\\\/\\\/www.eternumevents.com\\\/configuracion-de-las-cookies\\\/\"]}]},{\"@type\":\"BreadcrumbList\",\"@id\":\"https:\\\/\\\/www.eternumevents.com\\\/configuracion-de-las-cookies\\\/#breadcrumb\",\"itemListElement\":[{\"@type\":\"ListItem\",\"position\":1,\"name\":\"Inici\",\"item\":\"https:\\\/\\\/www.eternumevents.com\\\/es\\\/\"},{\"@type\":\"ListItem\",\"position\":2,\"name\":\"Configuraci\u00f3n de las cookies\"}]},{\"@type\":\"WebSite\",\"@id\":\"https:\\\/\\\/www.eternumevents.com\\\/#website\",\"url\":\"https:\\\/\\\/www.eternumevents.com\\\/\",\"name\":\"Eternum Events\",\"description\":\"Creem per emocionar\",\"publisher\":{\"@id\":\"https:\\\/\\\/www.eternumevents.com\\\/#organization\"},\"potentialAction\":[{\"@type\":\"SearchAction\",\"target\":{\"@type\":\"EntryPoint\",\"urlTemplate\":\"https:\\\/\\\/www.eternumevents.com\\\/?s={search_term_string}\"},\"query-input\":{\"@type\":\"PropertyValueSpecification\",\"valueRequired\":true,\"valueName\":\"search_term_string\"}}],\"inLanguage\":\"es\"},{\"@type\":\"Organization\",\"@id\":\"https:\\\/\\\/www.eternumevents.com\\\/#organization\",\"name\":\"Eternum Events\",\"url\":\"https:\\\/\\\/www.eternumevents.com\\\/\",\"logo\":{\"@type\":\"ImageObject\",\"inLanguage\":\"es\",\"@id\":\"https:\\\/\\\/www.eternumevents.com\\\/#\\\/schema\\\/logo\\\/image\\\/\",\"url\":\"https:\\\/\\\/www.eternumevents.com\\\/wp-content\\\/uploads\\\/2024\\\/03\\\/main-logo.svg\",\"contentUrl\":\"https:\\\/\\\/www.eternumevents.com\\\/wp-content\\\/uploads\\\/2024\\\/03\\\/main-logo.svg\",\"width\":223,\"height\":94,\"caption\":\"Eternum Events\"},\"image\":{\"@id\":\"https:\\\/\\\/www.eternumevents.com\\\/#\\\/schema\\\/logo\\\/image\\\/\"}}]}<\/script>\n<!-- \/ Yoast SEO plugin. -->","yoast_head_json":{"title":"Configuraci\u00f3n de las cookies - Eternum Events","robots":{"index":"index","follow":"follow","max-snippet":"max-snippet:-1","max-image-preview":"max-image-preview:large","max-video-preview":"max-video-preview:-1"},"canonical":"https:\/\/www.eternumevents.com\/configuracion-de-las-cookies\/","og_locale":"es_ES","og_type":"article","og_title":"Configuraci\u00f3n de las cookies - Eternum Events","og_description":"Apartado 1 Pol\u00edtica de cookies Una cookie es un archivo peque\u00f1o que se almacena en su navegador cuando visita la mayor\u00eda de p\u00e1ginas web. Su utilidad es que la web sea capaz de recordar su visita cuando vuelva a navegar por esa p\u00e1gina. Las cookies suelen almacenar informaci\u00f3n de car\u00e1cter t\u00e9cnico, preferencias personales, personalizaci\u00f3n de [&hellip;]","og_url":"https:\/\/www.eternumevents.com\/configuracion-de-las-cookies\/","og_site_name":"Eternum Events","twitter_card":"summary_large_image","twitter_misc":{"Tiempo de lectura":"9 minutos"},"schema":{"@context":"https:\/\/schema.org","@graph":[{"@type":"WebPage","@id":"https:\/\/www.eternumevents.com\/configuracion-de-las-cookies\/","url":"https:\/\/www.eternumevents.com\/configuracion-de-las-cookies\/","name":"Configuraci\u00f3n de las cookies - Eternum Events","isPartOf":{"@id":"https:\/\/www.eternumevents.com\/#website"},"datePublished":"2020-12-02T11:23:15+00:00","breadcrumb":{"@id":"https:\/\/www.eternumevents.com\/configuracion-de-las-cookies\/#breadcrumb"},"inLanguage":"es","potentialAction":[{"@type":"ReadAction","target":["https:\/\/www.eternumevents.com\/configuracion-de-las-cookies\/"]}]},{"@type":"BreadcrumbList","@id":"https:\/\/www.eternumevents.com\/configuracion-de-las-cookies\/#breadcrumb","itemListElement":[{"@type":"ListItem","position":1,"name":"Inici","item":"https:\/\/www.eternumevents.com\/es\/"},{"@type":"ListItem","position":2,"name":"Configuraci\u00f3n de las cookies"}]},{"@type":"WebSite","@id":"https:\/\/www.eternumevents.com\/#website","url":"https:\/\/www.eternumevents.com\/","name":"Eternum Events","description":"Creem per emocionar","publisher":{"@id":"https:\/\/www.eternumevents.com\/#organization"},"potentialAction":[{"@type":"SearchAction","target":{"@type":"EntryPoint","urlTemplate":"https:\/\/www.eternumevents.com\/?s={search_term_string}"},"query-input":{"@type":"PropertyValueSpecification","valueRequired":true,"valueName":"search_term_string"}}],"inLanguage":"es"},{"@type":"Organization","@id":"https:\/\/www.eternumevents.com\/#organization","name":"Eternum Events","url":"https:\/\/www.eternumevents.com\/","logo":{"@type":"ImageObject","inLanguage":"es","@id":"https:\/\/www.eternumevents.com\/#\/schema\/logo\/image\/","url":"https:\/\/www.eternumevents.com\/wp-content\/uploads\/2024\/03\/main-logo.svg","contentUrl":"https:\/\/www.eternumevents.com\/wp-content\/uploads\/2024\/03\/main-logo.svg","width":223,"height":94,"caption":"Eternum Events"},"image":{"@id":"https:\/\/www.eternumevents.com\/#\/schema\/logo\/image\/"}}]}},"_links":{"self":[{"href":"https:\/\/www.eternumevents.com\/es\/wp-json\/wp\/v2\/pages\/5765","targetHints":{"allow":["GET"]}}],"collection":[{"href":"https:\/\/www.eternumevents.com\/es\/wp-json\/wp\/v2\/pages"}],"about":[{"href":"https:\/\/www.eternumevents.com\/es\/wp-json\/wp\/v2\/types\/page"}],"author":[{"embeddable":true,"href":"https:\/\/www.eternumevents.com\/es\/wp-json\/wp\/v2\/users\/1"}],"replies":[{"embeddable":true,"href":"https:\/\/www.eternumevents.com\/es\/wp-json\/wp\/v2\/comments?post=5765"}],"version-history":[{"count":0,"href":"https:\/\/www.eternumevents.com\/es\/wp-json\/wp\/v2\/pages\/5765\/revisions"}],"wp:attachment":[{"href":"https:\/\/www.eternumevents.com\/es\/wp-json\/wp\/v2\/media?parent=5765"}],"curies":[{"name":"wp","href":"https:\/\/api.w.org\/{rel}","templated":true}]}}