{"id":5807,"date":"2024-03-19T23:03:25","date_gmt":"2024-03-19T21:03:25","guid":{"rendered":"https:\/\/www.eternumevents.com\/nova\/servicios\/eventos-corporativos\/"},"modified":"2024-07-11T14:06:51","modified_gmt":"2024-07-11T12:06:51","slug":"eventos-corporativos","status":"publish","type":"page","link":"https:\/\/www.eternumevents.com\/es\/servicios\/eventos-corporativos\/","title":{"rendered":"Eventos corporativos"},"content":{"rendered":"\t\t<div data-elementor-type=\"wp-page\" data-elementor-id=\"5807\" class=\"elementor elementor-5807 elementor-3196\" data-elementor-post-type=\"page\">\n\t\t\t\t<div class=\"elementor-element elementor-element-a5b2177 e-flex e-con-boxed e-con e-parent\" data-id=\"a5b2177\" data-element_type=\"container\" data-e-type=\"container\" data-settings=\"{&quot;background_background&quot;:&quot;slideshow&quot;,&quot;background_slideshow_gallery&quot;:[{&quot;id&quot;:3707,&quot;url&quot;:&quot;https:\\\/\\\/www.eternumevents.com\\\/wp-content\\\/uploads\\\/2024\\\/07\\\/Bgroup-event-91-scaled-e1720605299596.jpg&quot;},{&quot;id&quot;:3709,&quot;url&quot;:&quot;https:\\\/\\\/www.eternumevents.com\\\/wp-content\\\/uploads\\\/2024\\\/07\\\/Port-Bcn-DaviddelVal-0025r-scaled.jpg&quot;},{&quot;id&quot;:3713,&quot;url&quot;:&quot;https:\\\/\\\/www.eternumevents.com\\\/wp-content\\\/uploads\\\/2024\\\/07\\\/Semic-2024-@DaviddelVal-130-baixa.jpg&quot;}],&quot;background_slideshow_loop&quot;:&quot;yes&quot;,&quot;background_slideshow_slide_duration&quot;:5000,&quot;background_slideshow_slide_transition&quot;:&quot;fade&quot;,&quot;background_slideshow_transition_duration&quot;:500}\">\n\t\t\t\t\t<div class=\"e-con-inner\">\n\t\t\t\t<div class=\"elementor-element elementor-element-6c77eea elementor-widget elementor-widget-theme-post-title elementor-page-title elementor-widget-heading\" data-id=\"6c77eea\" data-element_type=\"widget\" data-e-type=\"widget\" data-widget_type=\"theme-post-title.default\">\n\t\t\t\t<div class=\"elementor-widget-container\">\n\t\t\t\t\t<h1 class=\"elementor-heading-title elementor-size-default\">Eventos corporativos<\/h1>\t\t\t\t<\/div>\n\t\t\t\t<\/div>\n\t\t\t\t\t<\/div>\n\t\t\t\t<\/div>\n\t\t<div class=\"elementor-element elementor-element-c999e73 e-grid e-con-full e-con e-parent\" data-id=\"c999e73\" data-element_type=\"container\" data-e-type=\"container\">\n\t\t<div class=\"elementor-element elementor-element-08376ef e-flex e-con-boxed e-con e-child\" data-id=\"08376ef\" data-element_type=\"container\" data-e-type=\"container\" data-settings=\"{&quot;background_background&quot;:&quot;classic&quot;}\">\n\t\t\t\t\t<div class=\"e-con-inner\">\n\t\t\t\t<div class=\"elementor-element elementor-element-3eebe1f elementor-widget elementor-widget-text-editor\" data-id=\"3eebe1f\" data-element_type=\"widget\" data-e-type=\"widget\" data-widget_type=\"text-editor.default\">\n\t\t\t\t<div class=\"elementor-widget-container\">\n\t\t\t\t\t\t\t\t\t<p>Los <strong>eventos corporativos<\/strong> son ceados para empresas donde re\u00fanen a los empleados para celebrar los logros, fomentar la cohesi\u00f3n de equipo y expresar gratitud. El objetivo es crear una experiencia memorable y significativa por tu equipo.<\/p><\/p>\n\t\t\t\t\t\t\t\t<\/div>\n\t\t\t\t<\/div>\n\t\t\t\t\t<\/div>\n\t\t\t\t<\/div>\n\t\t<div class=\"elementor-element elementor-element-b5e9a50 e-flex e-con-boxed e-con e-child\" data-id=\"b5e9a50\" data-element_type=\"container\" data-e-type=\"container\">\n\t\t\t\t\t<div class=\"e-con-inner\">\n\t\t\t\t<div class=\"elementor-element elementor-element-24b9d95 elementor-widget elementor-widget-text-editor\" data-id=\"24b9d95\" data-element_type=\"widget\" data-e-type=\"widget\" data-widget_type=\"text-editor.default\">\n\t\t\t\t<div class=\"elementor-widget-container\">\n\t\t\t\t\t\t\t\t\t<p>ANTES DEL EVENTO<\/p>\n\t\t\t\t\t\t\t\t<\/div>\n\t\t\t\t<\/div>\n\t\t\t\t<div class=\"elementor-element elementor-element-ccf158b elementor-view-default elementor-widget elementor-widget-icon\" data-id=\"ccf158b\" data-element_type=\"widget\" data-e-type=\"widget\" data-widget_type=\"icon.default\">\n\t\t\t\t<div class=\"elementor-widget-container\">\n\t\t\t\t\t\t\t<div class=\"elementor-icon-wrapper\">\n\t\t\t<div class=\"elementor-icon\">\n\t\t\t<svg aria-hidden=\"true\" class=\"e-font-icon-svg e-fas-undo\" viewBox=\"0 0 512 512\" xmlns=\"http:\/\/www.w3.org\/2000\/svg\"><path d=\"M212.333 224.333H12c-6.627 0-12-5.373-12-12V12C0 5.373 5.373 0 12 0h48c6.627 0 12 5.373 12 12v78.112C117.773 39.279 184.26 7.47 258.175 8.007c136.906.994 246.448 111.623 246.157 248.532C504.041 393.258 393.12 504 256.333 504c-64.089 0-122.496-24.313-166.51-64.215-5.099-4.622-5.334-12.554-.467-17.42l33.967-33.967c4.474-4.474 11.662-4.717 16.401-.525C170.76 415.336 211.58 432 256.333 432c97.268 0 176-78.716 176-176 0-97.267-78.716-176-176-176-58.496 0-110.28 28.476-142.274 72.333h98.274c6.627 0 12 5.373 12 12v48c0 6.627-5.373 12-12 12z\"><\/path><\/svg>\t\t\t<\/div>\n\t\t<\/div>\n\t\t\t\t\t\t<\/div>\n\t\t\t\t<\/div>\n\t\t\t\t<div class=\"elementor-element elementor-element-d07ed67 elementor-widget elementor-widget-text-editor\" data-id=\"d07ed67\" data-element_type=\"widget\" data-e-type=\"widget\" data-widget_type=\"text-editor.default\">\n\t\t\t\t<div class=\"elementor-widget-container\">\n\t\t\t\t\t\t\t\t\t<p>D\u00cdA DEL EVENTO<\/p>\n\t\t\t\t\t\t\t\t<\/div>\n\t\t\t\t<\/div>\n\t\t\t\t<div class=\"elementor-element elementor-element-d9e57b8 elementor-view-default elementor-widget elementor-widget-icon\" data-id=\"d9e57b8\" data-element_type=\"widget\" data-e-type=\"widget\" data-widget_type=\"icon.default\">\n\t\t\t\t<div class=\"elementor-widget-container\">\n\t\t\t\t\t\t\t<div class=\"elementor-icon-wrapper\">\n\t\t\t<div class=\"elementor-icon\">\n\t\t\t<svg aria-hidden=\"true\" class=\"e-font-icon-svg e-fas-sync\" viewBox=\"0 0 512 512\" xmlns=\"http:\/\/www.w3.org\/2000\/svg\"><path d=\"M440.65 12.57l4 82.77A247.16 247.16 0 0 0 255.83 8C134.73 8 33.91 94.92 12.29 209.82A12 12 0 0 0 24.09 224h49.05a12 12 0 0 0 11.67-9.26 175.91 175.91 0 0 1 317-56.94l-101.46-4.86a12 12 0 0 0-12.57 12v47.41a12 12 0 0 0 12 12H500a12 12 0 0 0 12-12V12a12 12 0 0 0-12-12h-47.37a12 12 0 0 0-11.98 12.57zM255.83 432a175.61 175.61 0 0 1-146-77.8l101.8 4.87a12 12 0 0 0 12.57-12v-47.4a12 12 0 0 0-12-12H12a12 12 0 0 0-12 12V500a12 12 0 0 0 12 12h47.35a12 12 0 0 0 12-12.6l-4.15-82.57A247.17 247.17 0 0 0 255.83 504c121.11 0 221.93-86.92 243.55-201.82a12 12 0 0 0-11.8-14.18h-49.05a12 12 0 0 0-11.67 9.26A175.86 175.86 0 0 1 255.83 432z\"><\/path><\/svg>\t\t\t<\/div>\n\t\t<\/div>\n\t\t\t\t\t\t<\/div>\n\t\t\t\t<\/div>\n\t\t\t\t<div class=\"elementor-element elementor-element-4bac9e8 elementor-widget elementor-widget-text-editor\" data-id=\"4bac9e8\" data-element_type=\"widget\" data-e-type=\"widget\" data-widget_type=\"text-editor.default\">\n\t\t\t\t<div class=\"elementor-widget-container\">\n\t\t\t\t\t\t\t\t\t<p>DESPU\u00c9S DEL EVENTO<\/p>\n\t\t\t\t\t\t\t\t<\/div>\n\t\t\t\t<\/div>\n\t\t\t\t<div class=\"elementor-element elementor-element-2d373d7 elementor-view-default elementor-widget elementor-widget-icon\" data-id=\"2d373d7\" data-element_type=\"widget\" data-e-type=\"widget\" data-widget_type=\"icon.default\">\n\t\t\t\t<div class=\"elementor-widget-container\">\n\t\t\t\t\t\t\t<div class=\"elementor-icon-wrapper\">\n\t\t\t<div class=\"elementor-icon\">\n\t\t\t<svg aria-hidden=\"true\" class=\"e-font-icon-svg e-fas-redo\" viewBox=\"0 0 512 512\" xmlns=\"http:\/\/www.w3.org\/2000\/svg\"><path d=\"M500.33 0h-47.41a12 12 0 0 0-12 12.57l4 82.76A247.42 247.42 0 0 0 256 8C119.34 8 7.9 119.53 8 256.19 8.1 393.07 119.1 504 256 504a247.1 247.1 0 0 0 166.18-63.91 12 12 0 0 0 .48-17.43l-34-34a12 12 0 0 0-16.38-.55A176 176 0 1 1 402.1 157.8l-101.53-4.87a12 12 0 0 0-12.57 12v47.41a12 12 0 0 0 12 12h200.33a12 12 0 0 0 12-12V12a12 12 0 0 0-12-12z\"><\/path><\/svg>\t\t\t<\/div>\n\t\t<\/div>\n\t\t\t\t\t\t<\/div>\n\t\t\t\t<\/div>\n\t\t\t\t\t<\/div>\n\t\t\t\t<\/div>\n\t\t\t\t<\/div>\n\t\t<div class=\"elementor-element elementor-element-e267551 e-con-full e-flex e-con e-parent\" data-id=\"e267551\" data-element_type=\"container\" data-e-type=\"container\">\n\t\t\t\t<div class=\"elementor-element elementor-element-174ba0f elementor-widget elementor-widget-heading\" data-id=\"174ba0f\" data-element_type=\"widget\" data-e-type=\"widget\" data-widget_type=\"heading.default\">\n\t\t\t\t<div class=\"elementor-widget-container\">\n\t\t\t\t\t<h2 class=\"elementor-heading-title elementor-size-default\">PARA M\u00c1S INFORMACI\u00d3N:<\/h2>\t\t\t\t<\/div>\n\t\t\t\t<\/div>\n\t\t\t\t<\/div>\n\t\t<div class=\"elementor-element elementor-element-a759174 e-con-full e-flex e-con e-parent\" data-id=\"a759174\" data-element_type=\"container\" data-e-type=\"container\">\n\t\t<div class=\"elementor-element elementor-element-456b4cc e-con-full e-flex e-con e-child\" data-id=\"456b4cc\" data-element_type=\"container\" data-e-type=\"container\">\n\t\t\t\t<div class=\"elementor-element elementor-element-fd075f5 elementor-align-center elementor-widget elementor-widget-button\" data-id=\"fd075f5\" data-element_type=\"widget\" data-e-type=\"widget\" data-widget_type=\"button.default\">\n\t\t\t\t<div class=\"elementor-widget-container\">\n\t\t\t\t\t\t\t\t\t<div class=\"elementor-button-wrapper\">\n\t\t\t\t\t<a class=\"elementor-button elementor-button-link elementor-size-sm\" href=\"https:\/\/www.eternumevents.com\/family-day\/contacte\">\n\t\t\t\t\t\t<span class=\"elementor-button-content-wrapper\">\n\t\t\t\t\t\t\t\t\t<span class=\"elementor-button-text\">Solicita tu presupuesto<\/span>\n\t\t\t\t\t<\/span>\n\t\t\t\t\t<\/a>\n\t\t\t\t<\/div>\n\t\t\t\t\t\t\t\t<\/div>\n\t\t\t\t<\/div>\n\t\t\t\t<\/div>\n\t\t\t\t<\/div>\n\t\t\t\t<\/div>\n\t\t","protected":false},"excerpt":{"rendered":"<p>Los eventos corporativos son ceados para empresas donde re\u00fanen a los empleados para celebrar los logros, fomentar la cohesi\u00f3n de equipo y expresar gratitud. El objetivo es crear una experiencia memorable y significativa por tu equipo. ANTES DEL EVENTO D\u00cdA DEL EVENTO DESPU\u00c9S DEL EVENTO PARA M\u00c1S INFORMACI\u00d3N: Solicita tu presupuesto<\/p>\n","protected":false},"author":1,"featured_media":5225,"parent":5759,"menu_order":0,"comment_status":"closed","ping_status":"closed","template":"","meta":{"_acf_changed":false,"inline_featured_image":false,"_mc_calendar":[],"footnotes":""},"class_list":["post-5807","page","type-page","status-publish","has-post-thumbnail","hentry"],"acf":[],"yoast_head":"<!-- This site is optimized with the Yoast SEO plugin v27.4 - https:\/\/yoast.com\/product\/yoast-seo-wordpress\/ -->\n<title>Eventos corporativos - Eternum Events<\/title>\n<meta name=\"robots\" content=\"index, follow, max-snippet:-1, max-image-preview:large, max-video-preview:-1\" \/>\n<link rel=\"canonical\" href=\"https:\/\/www.eternumevents.com\/es\/servicios\/eventos-corporativos\/\" \/>\n<meta property=\"og:locale\" content=\"es_ES\" \/>\n<meta property=\"og:type\" content=\"article\" \/>\n<meta property=\"og:title\" content=\"Eventos corporativos - Eternum Events\" \/>\n<meta property=\"og:description\" content=\"Los eventos corporativos son ceados para empresas donde re\u00fanen a los empleados para celebrar los logros, fomentar la cohesi\u00f3n de equipo y expresar gratitud. El objetivo es crear una experiencia memorable y significativa por tu equipo. ANTES DEL EVENTO D\u00cdA DEL EVENTO DESPU\u00c9S DEL EVENTO PARA M\u00c1S INFORMACI\u00d3N: Solicita tu presupuesto\" \/>\n<meta property=\"og:url\" content=\"https:\/\/www.eternumevents.com\/es\/servicios\/eventos-corporativos\/\" \/>\n<meta property=\"og:site_name\" content=\"Eternum Events\" \/>\n<meta property=\"article:modified_time\" content=\"2024-07-11T12:06:51+00:00\" \/>\n<meta property=\"og:image\" content=\"https:\/\/www.eternumevents.com\/wp-content\/uploads\/2023\/05\/DDV4462-scaled-e1720598792188.jpg\" \/>\n\t<meta property=\"og:image:width\" content=\"1709\" \/>\n\t<meta property=\"og:image:height\" content=\"733\" \/>\n\t<meta property=\"og:image:type\" content=\"image\/jpeg\" \/>\n<meta name=\"twitter:card\" content=\"summary_large_image\" \/>\n<script type=\"application\/ld+json\" class=\"yoast-schema-graph\">{\"@context\":\"https:\\\/\\\/schema.org\",\"@graph\":[{\"@type\":\"WebPage\",\"@id\":\"https:\\\/\\\/www.eternumevents.com\\\/es\\\/servicios\\\/eventos-corporativos\\\/\",\"url\":\"https:\\\/\\\/www.eternumevents.com\\\/es\\\/servicios\\\/eventos-corporativos\\\/\",\"name\":\"Eventos corporativos - Eternum Events\",\"isPartOf\":{\"@id\":\"https:\\\/\\\/www.eternumevents.com\\\/#website\"},\"primaryImageOfPage\":{\"@id\":\"https:\\\/\\\/www.eternumevents.com\\\/es\\\/servicios\\\/eventos-corporativos\\\/#primaryimage\"},\"image\":{\"@id\":\"https:\\\/\\\/www.eternumevents.com\\\/es\\\/servicios\\\/eventos-corporativos\\\/#primaryimage\"},\"thumbnailUrl\":\"https:\\\/\\\/www.eternumevents.com\\\/wp-content\\\/uploads\\\/2023\\\/05\\\/DDV4462-scaled-e1720598792188.jpg\",\"datePublished\":\"2024-03-19T21:03:25+00:00\",\"dateModified\":\"2024-07-11T12:06:51+00:00\",\"breadcrumb\":{\"@id\":\"https:\\\/\\\/www.eternumevents.com\\\/es\\\/servicios\\\/eventos-corporativos\\\/#breadcrumb\"},\"inLanguage\":\"es\",\"potentialAction\":[{\"@type\":\"ReadAction\",\"target\":[\"https:\\\/\\\/www.eternumevents.com\\\/es\\\/servicios\\\/eventos-corporativos\\\/\"]}]},{\"@type\":\"ImageObject\",\"inLanguage\":\"es\",\"@id\":\"https:\\\/\\\/www.eternumevents.com\\\/es\\\/servicios\\\/eventos-corporativos\\\/#primaryimage\",\"url\":\"https:\\\/\\\/www.eternumevents.com\\\/wp-content\\\/uploads\\\/2023\\\/05\\\/DDV4462-scaled-e1720598792188.jpg\",\"contentUrl\":\"https:\\\/\\\/www.eternumevents.com\\\/wp-content\\\/uploads\\\/2023\\\/05\\\/DDV4462-scaled-e1720598792188.jpg\",\"width\":1709,\"height\":733},{\"@type\":\"BreadcrumbList\",\"@id\":\"https:\\\/\\\/www.eternumevents.com\\\/es\\\/servicios\\\/eventos-corporativos\\\/#breadcrumb\",\"itemListElement\":[{\"@type\":\"ListItem\",\"position\":1,\"name\":\"Inici\",\"item\":\"https:\\\/\\\/www.eternumevents.com\\\/es\\\/\"},{\"@type\":\"ListItem\",\"position\":2,\"name\":\"Servicios\",\"item\":\"https:\\\/\\\/www.eternumevents.com\\\/es\\\/servicios\\\/\"},{\"@type\":\"ListItem\",\"position\":3,\"name\":\"Eventos corporativos\"}]},{\"@type\":\"WebSite\",\"@id\":\"https:\\\/\\\/www.eternumevents.com\\\/#website\",\"url\":\"https:\\\/\\\/www.eternumevents.com\\\/\",\"name\":\"Eternum Events\",\"description\":\"Creem per emocionar\",\"publisher\":{\"@id\":\"https:\\\/\\\/www.eternumevents.com\\\/#organization\"},\"potentialAction\":[{\"@type\":\"SearchAction\",\"target\":{\"@type\":\"EntryPoint\",\"urlTemplate\":\"https:\\\/\\\/www.eternumevents.com\\\/?s={search_term_string}\"},\"query-input\":{\"@type\":\"PropertyValueSpecification\",\"valueRequired\":true,\"valueName\":\"search_term_string\"}}],\"inLanguage\":\"es\"},{\"@type\":\"Organization\",\"@id\":\"https:\\\/\\\/www.eternumevents.com\\\/#organization\",\"name\":\"Eternum Events\",\"url\":\"https:\\\/\\\/www.eternumevents.com\\\/\",\"logo\":{\"@type\":\"ImageObject\",\"inLanguage\":\"es\",\"@id\":\"https:\\\/\\\/www.eternumevents.com\\\/#\\\/schema\\\/logo\\\/image\\\/\",\"url\":\"https:\\\/\\\/www.eternumevents.com\\\/wp-content\\\/uploads\\\/2024\\\/03\\\/main-logo.svg\",\"contentUrl\":\"https:\\\/\\\/www.eternumevents.com\\\/wp-content\\\/uploads\\\/2024\\\/03\\\/main-logo.svg\",\"width\":223,\"height\":94,\"caption\":\"Eternum Events\"},\"image\":{\"@id\":\"https:\\\/\\\/www.eternumevents.com\\\/#\\\/schema\\\/logo\\\/image\\\/\"}}]}<\/script>\n<!-- \/ Yoast SEO plugin. -->","yoast_head_json":{"title":"Eventos corporativos - Eternum Events","robots":{"index":"index","follow":"follow","max-snippet":"max-snippet:-1","max-image-preview":"max-image-preview:large","max-video-preview":"max-video-preview:-1"},"canonical":"https:\/\/www.eternumevents.com\/es\/servicios\/eventos-corporativos\/","og_locale":"es_ES","og_type":"article","og_title":"Eventos corporativos - Eternum Events","og_description":"Los eventos corporativos son ceados para empresas donde re\u00fanen a los empleados para celebrar los logros, fomentar la cohesi\u00f3n de equipo y expresar gratitud. El objetivo es crear una experiencia memorable y significativa por tu equipo. ANTES DEL EVENTO D\u00cdA DEL EVENTO DESPU\u00c9S DEL EVENTO PARA M\u00c1S INFORMACI\u00d3N: Solicita tu presupuesto","og_url":"https:\/\/www.eternumevents.com\/es\/servicios\/eventos-corporativos\/","og_site_name":"Eternum Events","article_modified_time":"2024-07-11T12:06:51+00:00","og_image":[{"width":1709,"height":733,"url":"https:\/\/www.eternumevents.com\/wp-content\/uploads\/2023\/05\/DDV4462-scaled-e1720598792188.jpg","type":"image\/jpeg"}],"twitter_card":"summary_large_image","schema":{"@context":"https:\/\/schema.org","@graph":[{"@type":"WebPage","@id":"https:\/\/www.eternumevents.com\/es\/servicios\/eventos-corporativos\/","url":"https:\/\/www.eternumevents.com\/es\/servicios\/eventos-corporativos\/","name":"Eventos corporativos - Eternum Events","isPartOf":{"@id":"https:\/\/www.eternumevents.com\/#website"},"primaryImageOfPage":{"@id":"https:\/\/www.eternumevents.com\/es\/servicios\/eventos-corporativos\/#primaryimage"},"image":{"@id":"https:\/\/www.eternumevents.com\/es\/servicios\/eventos-corporativos\/#primaryimage"},"thumbnailUrl":"https:\/\/www.eternumevents.com\/wp-content\/uploads\/2023\/05\/DDV4462-scaled-e1720598792188.jpg","datePublished":"2024-03-19T21:03:25+00:00","dateModified":"2024-07-11T12:06:51+00:00","breadcrumb":{"@id":"https:\/\/www.eternumevents.com\/es\/servicios\/eventos-corporativos\/#breadcrumb"},"inLanguage":"es","potentialAction":[{"@type":"ReadAction","target":["https:\/\/www.eternumevents.com\/es\/servicios\/eventos-corporativos\/"]}]},{"@type":"ImageObject","inLanguage":"es","@id":"https:\/\/www.eternumevents.com\/es\/servicios\/eventos-corporativos\/#primaryimage","url":"https:\/\/www.eternumevents.com\/wp-content\/uploads\/2023\/05\/DDV4462-scaled-e1720598792188.jpg","contentUrl":"https:\/\/www.eternumevents.com\/wp-content\/uploads\/2023\/05\/DDV4462-scaled-e1720598792188.jpg","width":1709,"height":733},{"@type":"BreadcrumbList","@id":"https:\/\/www.eternumevents.com\/es\/servicios\/eventos-corporativos\/#breadcrumb","itemListElement":[{"@type":"ListItem","position":1,"name":"Inici","item":"https:\/\/www.eternumevents.com\/es\/"},{"@type":"ListItem","position":2,"name":"Servicios","item":"https:\/\/www.eternumevents.com\/es\/servicios\/"},{"@type":"ListItem","position":3,"name":"Eventos corporativos"}]},{"@type":"WebSite","@id":"https:\/\/www.eternumevents.com\/#website","url":"https:\/\/www.eternumevents.com\/","name":"Eternum Events","description":"Creem per emocionar","publisher":{"@id":"https:\/\/www.eternumevents.com\/#organization"},"potentialAction":[{"@type":"SearchAction","target":{"@type":"EntryPoint","urlTemplate":"https:\/\/www.eternumevents.com\/?s={search_term_string}"},"query-input":{"@type":"PropertyValueSpecification","valueRequired":true,"valueName":"search_term_string"}}],"inLanguage":"es"},{"@type":"Organization","@id":"https:\/\/www.eternumevents.com\/#organization","name":"Eternum Events","url":"https:\/\/www.eternumevents.com\/","logo":{"@type":"ImageObject","inLanguage":"es","@id":"https:\/\/www.eternumevents.com\/#\/schema\/logo\/image\/","url":"https:\/\/www.eternumevents.com\/wp-content\/uploads\/2024\/03\/main-logo.svg","contentUrl":"https:\/\/www.eternumevents.com\/wp-content\/uploads\/2024\/03\/main-logo.svg","width":223,"height":94,"caption":"Eternum Events"},"image":{"@id":"https:\/\/www.eternumevents.com\/#\/schema\/logo\/image\/"}}]}},"_links":{"self":[{"href":"https:\/\/www.eternumevents.com\/es\/wp-json\/wp\/v2\/pages\/5807","targetHints":{"allow":["GET"]}}],"collection":[{"href":"https:\/\/www.eternumevents.com\/es\/wp-json\/wp\/v2\/pages"}],"about":[{"href":"https:\/\/www.eternumevents.com\/es\/wp-json\/wp\/v2\/types\/page"}],"author":[{"embeddable":true,"href":"https:\/\/www.eternumevents.com\/es\/wp-json\/wp\/v2\/users\/1"}],"replies":[{"embeddable":true,"href":"https:\/\/www.eternumevents.com\/es\/wp-json\/wp\/v2\/comments?post=5807"}],"version-history":[{"count":4,"href":"https:\/\/www.eternumevents.com\/es\/wp-json\/wp\/v2\/pages\/5807\/revisions"}],"predecessor-version":[{"id":6075,"href":"https:\/\/www.eternumevents.com\/es\/wp-json\/wp\/v2\/pages\/5807\/revisions\/6075"}],"up":[{"embeddable":true,"href":"https:\/\/www.eternumevents.com\/es\/wp-json\/wp\/v2\/pages\/5759"}],"wp:featuredmedia":[{"embeddable":true,"href":"https:\/\/www.eternumevents.com\/es\/wp-json\/wp\/v2\/media\/5225"}],"wp:attachment":[{"href":"https:\/\/www.eternumevents.com\/es\/wp-json\/wp\/v2\/media?parent=5807"}],"curies":[{"name":"wp","href":"https:\/\/api.w.org\/{rel}","templated":true}]}}