{"id":5809,"date":"2024-03-19T23:03:37","date_gmt":"2024-03-19T21:03:37","guid":{"rendered":"https:\/\/www.eternumevents.com\/nova\/servicios\/entregas-de-premios\/"},"modified":"2024-07-11T14:04:49","modified_gmt":"2024-07-11T12:04:49","slug":"entregas-de-premios","status":"publish","type":"page","link":"https:\/\/www.eternumevents.com\/es\/servicios\/entregas-de-premios\/","title":{"rendered":"Entregas de premios"},"content":{"rendered":"\t\t<div data-elementor-type=\"wp-page\" data-elementor-id=\"5809\" class=\"elementor elementor-5809 elementor-3198\" data-elementor-post-type=\"page\">\n\t\t\t\t<div class=\"elementor-element elementor-element-dbc3425 e-flex e-con-boxed e-con e-parent\" data-id=\"dbc3425\" data-element_type=\"container\" data-e-type=\"container\" data-settings=\"{&quot;background_background&quot;:&quot;slideshow&quot;,&quot;background_slideshow_gallery&quot;:[{&quot;id&quot;:3719,&quot;url&quot;:&quot;https:\\\/\\\/www.eternumevents.com\\\/wp-content\\\/uploads\\\/2024\\\/07\\\/VAL6743-scaled.jpg&quot;},{&quot;id&quot;:3721,&quot;url&quot;:&quot;https:\\\/\\\/www.eternumevents.com\\\/wp-content\\\/uploads\\\/2024\\\/07\\\/Gala-Porc-Or-2023-90-scaled.jpg&quot;},{&quot;id&quot;:3724,&quot;url&quot;:&quot;https:\\\/\\\/www.eternumevents.com\\\/wp-content\\\/uploads\\\/2024\\\/07\\\/Gala-Porc-Or-2023-141-scaled.jpg&quot;}],&quot;background_slideshow_loop&quot;:&quot;yes&quot;,&quot;background_slideshow_slide_duration&quot;:5000,&quot;background_slideshow_slide_transition&quot;:&quot;fade&quot;,&quot;background_slideshow_transition_duration&quot;:500}\">\n\t\t\t\t\t<div class=\"e-con-inner\">\n\t\t\t\t<div class=\"elementor-element elementor-element-979cd16 elementor-widget elementor-widget-theme-post-title elementor-page-title elementor-widget-heading\" data-id=\"979cd16\" data-element_type=\"widget\" data-e-type=\"widget\" data-widget_type=\"theme-post-title.default\">\n\t\t\t\t<div class=\"elementor-widget-container\">\n\t\t\t\t\t<h1 class=\"elementor-heading-title elementor-size-default\">Entregas de premios<\/h1>\t\t\t\t<\/div>\n\t\t\t\t<\/div>\n\t\t\t\t\t<\/div>\n\t\t\t\t<\/div>\n\t\t<div class=\"elementor-element elementor-element-62cacd4 e-grid e-con-full e-con e-parent\" data-id=\"62cacd4\" data-element_type=\"container\" data-e-type=\"container\">\n\t\t<div class=\"elementor-element elementor-element-028bd99 e-flex e-con-boxed e-con e-child\" data-id=\"028bd99\" data-element_type=\"container\" data-e-type=\"container\" data-settings=\"{&quot;background_background&quot;:&quot;classic&quot;}\">\n\t\t\t\t\t<div class=\"e-con-inner\">\n\t\t\t\t<div class=\"elementor-element elementor-element-cc48b46 elementor-widget elementor-widget-text-editor\" data-id=\"cc48b46\" data-element_type=\"widget\" data-e-type=\"widget\" data-widget_type=\"text-editor.default\">\n\t\t\t\t<div class=\"elementor-widget-container\">\n\t\t\t\t\t\t\t\t\t<p>  Las <strong>Galas de premios<\/strong> son ocasiones especiales en las que las organizaciones reconocen y celebran los logros notables. Estas ceremonias a menudo incluyen discursos inspiradores, m\u00fasica y momentos de emoci\u00f3n mientras se reconocen a los ganadores, tambi\u00e9n suelen ir acompa\u00f1ados de una cena de gala para concluir la ceremonia.  <\/p>\n\t\t\t\t\t\t\t\t<\/div>\n\t\t\t\t<\/div>\n\t\t\t\t\t<\/div>\n\t\t\t\t<\/div>\n\t\t<div class=\"elementor-element elementor-element-bf2a180 e-flex e-con-boxed e-con e-child\" data-id=\"bf2a180\" data-element_type=\"container\" data-e-type=\"container\">\n\t\t\t\t\t<div class=\"e-con-inner\">\n\t\t\t\t<div class=\"elementor-element elementor-element-53db324 elementor-widget elementor-widget-text-editor\" data-id=\"53db324\" data-element_type=\"widget\" data-e-type=\"widget\" data-widget_type=\"text-editor.default\">\n\t\t\t\t<div class=\"elementor-widget-container\">\n\t\t\t\t\t\t\t\t\t<p>ANTES DEL EVENTO<\/p>\n\t\t\t\t\t\t\t\t<\/div>\n\t\t\t\t<\/div>\n\t\t\t\t<div class=\"elementor-element elementor-element-72251d3 elementor-view-default elementor-widget elementor-widget-icon\" data-id=\"72251d3\" data-element_type=\"widget\" data-e-type=\"widget\" data-widget_type=\"icon.default\">\n\t\t\t\t<div class=\"elementor-widget-container\">\n\t\t\t\t\t\t\t<div class=\"elementor-icon-wrapper\">\n\t\t\t<div class=\"elementor-icon\">\n\t\t\t<svg aria-hidden=\"true\" class=\"e-font-icon-svg e-fas-undo\" viewBox=\"0 0 512 512\" xmlns=\"http:\/\/www.w3.org\/2000\/svg\"><path d=\"M212.333 224.333H12c-6.627 0-12-5.373-12-12V12C0 5.373 5.373 0 12 0h48c6.627 0 12 5.373 12 12v78.112C117.773 39.279 184.26 7.47 258.175 8.007c136.906.994 246.448 111.623 246.157 248.532C504.041 393.258 393.12 504 256.333 504c-64.089 0-122.496-24.313-166.51-64.215-5.099-4.622-5.334-12.554-.467-17.42l33.967-33.967c4.474-4.474 11.662-4.717 16.401-.525C170.76 415.336 211.58 432 256.333 432c97.268 0 176-78.716 176-176 0-97.267-78.716-176-176-176-58.496 0-110.28 28.476-142.274 72.333h98.274c6.627 0 12 5.373 12 12v48c0 6.627-5.373 12-12 12z\"><\/path><\/svg>\t\t\t<\/div>\n\t\t<\/div>\n\t\t\t\t\t\t<\/div>\n\t\t\t\t<\/div>\n\t\t\t\t<div class=\"elementor-element elementor-element-87b81d4 elementor-widget elementor-widget-text-editor\" data-id=\"87b81d4\" data-element_type=\"widget\" data-e-type=\"widget\" data-widget_type=\"text-editor.default\">\n\t\t\t\t<div class=\"elementor-widget-container\">\n\t\t\t\t\t\t\t\t\t<p>D\u00cdA DEL EVENTO<\/p>\n\t\t\t\t\t\t\t\t<\/div>\n\t\t\t\t<\/div>\n\t\t\t\t<div class=\"elementor-element elementor-element-44df7d6 elementor-view-default elementor-widget elementor-widget-icon\" data-id=\"44df7d6\" data-element_type=\"widget\" data-e-type=\"widget\" data-widget_type=\"icon.default\">\n\t\t\t\t<div class=\"elementor-widget-container\">\n\t\t\t\t\t\t\t<div class=\"elementor-icon-wrapper\">\n\t\t\t<div class=\"elementor-icon\">\n\t\t\t<svg aria-hidden=\"true\" class=\"e-font-icon-svg e-fas-sync\" viewBox=\"0 0 512 512\" xmlns=\"http:\/\/www.w3.org\/2000\/svg\"><path d=\"M440.65 12.57l4 82.77A247.16 247.16 0 0 0 255.83 8C134.73 8 33.91 94.92 12.29 209.82A12 12 0 0 0 24.09 224h49.05a12 12 0 0 0 11.67-9.26 175.91 175.91 0 0 1 317-56.94l-101.46-4.86a12 12 0 0 0-12.57 12v47.41a12 12 0 0 0 12 12H500a12 12 0 0 0 12-12V12a12 12 0 0 0-12-12h-47.37a12 12 0 0 0-11.98 12.57zM255.83 432a175.61 175.61 0 0 1-146-77.8l101.8 4.87a12 12 0 0 0 12.57-12v-47.4a12 12 0 0 0-12-12H12a12 12 0 0 0-12 12V500a12 12 0 0 0 12 12h47.35a12 12 0 0 0 12-12.6l-4.15-82.57A247.17 247.17 0 0 0 255.83 504c121.11 0 221.93-86.92 243.55-201.82a12 12 0 0 0-11.8-14.18h-49.05a12 12 0 0 0-11.67 9.26A175.86 175.86 0 0 1 255.83 432z\"><\/path><\/svg>\t\t\t<\/div>\n\t\t<\/div>\n\t\t\t\t\t\t<\/div>\n\t\t\t\t<\/div>\n\t\t\t\t<div class=\"elementor-element elementor-element-d363e82 elementor-widget elementor-widget-text-editor\" data-id=\"d363e82\" data-element_type=\"widget\" data-e-type=\"widget\" data-widget_type=\"text-editor.default\">\n\t\t\t\t<div class=\"elementor-widget-container\">\n\t\t\t\t\t\t\t\t\t<p>DESPU\u00c9S DEL EVENTO<\/p>\n\t\t\t\t\t\t\t\t<\/div>\n\t\t\t\t<\/div>\n\t\t\t\t<div class=\"elementor-element elementor-element-6ecda7f elementor-view-default elementor-widget elementor-widget-icon\" data-id=\"6ecda7f\" data-element_type=\"widget\" data-e-type=\"widget\" data-widget_type=\"icon.default\">\n\t\t\t\t<div class=\"elementor-widget-container\">\n\t\t\t\t\t\t\t<div class=\"elementor-icon-wrapper\">\n\t\t\t<div class=\"elementor-icon\">\n\t\t\t<svg aria-hidden=\"true\" class=\"e-font-icon-svg e-fas-redo\" viewBox=\"0 0 512 512\" xmlns=\"http:\/\/www.w3.org\/2000\/svg\"><path d=\"M500.33 0h-47.41a12 12 0 0 0-12 12.57l4 82.76A247.42 247.42 0 0 0 256 8C119.34 8 7.9 119.53 8 256.19 8.1 393.07 119.1 504 256 504a247.1 247.1 0 0 0 166.18-63.91 12 12 0 0 0 .48-17.43l-34-34a12 12 0 0 0-16.38-.55A176 176 0 1 1 402.1 157.8l-101.53-4.87a12 12 0 0 0-12.57 12v47.41a12 12 0 0 0 12 12h200.33a12 12 0 0 0 12-12V12a12 12 0 0 0-12-12z\"><\/path><\/svg>\t\t\t<\/div>\n\t\t<\/div>\n\t\t\t\t\t\t<\/div>\n\t\t\t\t<\/div>\n\t\t\t\t\t<\/div>\n\t\t\t\t<\/div>\n\t\t\t\t<\/div>\n\t\t<div class=\"elementor-element elementor-element-1274590 e-con-full e-flex e-con e-parent\" data-id=\"1274590\" data-element_type=\"container\" data-e-type=\"container\">\n\t\t\t\t<div class=\"elementor-element elementor-element-3cc2a4a elementor-widget elementor-widget-heading\" data-id=\"3cc2a4a\" data-element_type=\"widget\" data-e-type=\"widget\" data-widget_type=\"heading.default\">\n\t\t\t\t<div class=\"elementor-widget-container\">\n\t\t\t\t\t<h2 class=\"elementor-heading-title elementor-size-default\">PARA M\u00c1S INFORMACI\u00d3N:<\/h2>\t\t\t\t<\/div>\n\t\t\t\t<\/div>\n\t\t\t\t<\/div>\n\t\t<div class=\"elementor-element elementor-element-ce156de e-con-full e-flex e-con e-parent\" data-id=\"ce156de\" data-element_type=\"container\" data-e-type=\"container\">\n\t\t<div class=\"elementor-element elementor-element-97f01ec e-con-full e-flex e-con e-child\" data-id=\"97f01ec\" data-element_type=\"container\" data-e-type=\"container\">\n\t\t\t\t<div class=\"elementor-element elementor-element-d7a3f30 elementor-align-center elementor-widget elementor-widget-button\" data-id=\"d7a3f30\" data-element_type=\"widget\" data-e-type=\"widget\" data-widget_type=\"button.default\">\n\t\t\t\t<div class=\"elementor-widget-container\">\n\t\t\t\t\t\t\t\t\t<div class=\"elementor-button-wrapper\">\n\t\t\t\t\t<a class=\"elementor-button elementor-button-link elementor-size-sm\" href=\"https:\/\/www.eternumevents.com\/family-day\/contacte\">\n\t\t\t\t\t\t<span class=\"elementor-button-content-wrapper\">\n\t\t\t\t\t\t\t\t\t<span class=\"elementor-button-text\">Solicita tu presupuesto<\/span>\n\t\t\t\t\t<\/span>\n\t\t\t\t\t<\/a>\n\t\t\t\t<\/div>\n\t\t\t\t\t\t\t\t<\/div>\n\t\t\t\t<\/div>\n\t\t\t\t<\/div>\n\t\t\t\t<\/div>\n\t\t\t\t<\/div>\n\t\t","protected":false},"excerpt":{"rendered":"<p>Las Galas de premios son ocasiones especiales en las que las organizaciones reconocen y celebran los logros notables. Estas ceremonias a menudo incluyen discursos inspiradores, m\u00fasica y momentos de emoci\u00f3n mientras se reconocen a los ganadores, tambi\u00e9n suelen ir acompa\u00f1ados de una cena de gala para concluir la ceremonia. ANTES DEL EVENTO D\u00cdA DEL EVENTO [&hellip;]<\/p>\n","protected":false},"author":1,"featured_media":0,"parent":5759,"menu_order":0,"comment_status":"closed","ping_status":"closed","template":"","meta":{"_acf_changed":false,"inline_featured_image":false,"_mc_calendar":[],"footnotes":""},"class_list":["post-5809","page","type-page","status-publish","hentry"],"acf":[],"yoast_head":"<!-- This site is optimized with the Yoast SEO plugin v27.3 - https:\/\/yoast.com\/product\/yoast-seo-wordpress\/ -->\n<title>Entregas de premios - Eternum Events<\/title>\n<meta name=\"robots\" content=\"index, follow, max-snippet:-1, max-image-preview:large, max-video-preview:-1\" \/>\n<link rel=\"canonical\" href=\"https:\/\/www.eternumevents.com\/es\/servicios\/entregas-de-premios\/\" \/>\n<meta property=\"og:locale\" content=\"es_ES\" \/>\n<meta property=\"og:type\" content=\"article\" \/>\n<meta property=\"og:title\" content=\"Entregas de premios - Eternum Events\" \/>\n<meta property=\"og:description\" content=\"Las Galas de premios son ocasiones especiales en las que las organizaciones reconocen y celebran los logros notables. Estas ceremonias a menudo incluyen discursos inspiradores, m\u00fasica y momentos de emoci\u00f3n mientras se reconocen a los ganadores, tambi\u00e9n suelen ir acompa\u00f1ados de una cena de gala para concluir la ceremonia. ANTES DEL EVENTO D\u00cdA DEL EVENTO [&hellip;]\" \/>\n<meta property=\"og:url\" content=\"https:\/\/www.eternumevents.com\/es\/servicios\/entregas-de-premios\/\" \/>\n<meta property=\"og:site_name\" content=\"Eternum Events\" \/>\n<meta property=\"article:modified_time\" content=\"2024-07-11T12:04:49+00:00\" \/>\n<meta name=\"twitter:card\" content=\"summary_large_image\" \/>\n<script type=\"application\/ld+json\" class=\"yoast-schema-graph\">{\"@context\":\"https:\\\/\\\/schema.org\",\"@graph\":[{\"@type\":\"WebPage\",\"@id\":\"https:\\\/\\\/www.eternumevents.com\\\/es\\\/servicios\\\/entregas-de-premios\\\/\",\"url\":\"https:\\\/\\\/www.eternumevents.com\\\/es\\\/servicios\\\/entregas-de-premios\\\/\",\"name\":\"Entregas de premios - Eternum Events\",\"isPartOf\":{\"@id\":\"https:\\\/\\\/www.eternumevents.com\\\/#website\"},\"datePublished\":\"2024-03-19T21:03:37+00:00\",\"dateModified\":\"2024-07-11T12:04:49+00:00\",\"breadcrumb\":{\"@id\":\"https:\\\/\\\/www.eternumevents.com\\\/es\\\/servicios\\\/entregas-de-premios\\\/#breadcrumb\"},\"inLanguage\":\"es\",\"potentialAction\":[{\"@type\":\"ReadAction\",\"target\":[\"https:\\\/\\\/www.eternumevents.com\\\/es\\\/servicios\\\/entregas-de-premios\\\/\"]}]},{\"@type\":\"BreadcrumbList\",\"@id\":\"https:\\\/\\\/www.eternumevents.com\\\/es\\\/servicios\\\/entregas-de-premios\\\/#breadcrumb\",\"itemListElement\":[{\"@type\":\"ListItem\",\"position\":1,\"name\":\"Inici\",\"item\":\"https:\\\/\\\/www.eternumevents.com\\\/es\\\/\"},{\"@type\":\"ListItem\",\"position\":2,\"name\":\"Servicios\",\"item\":\"https:\\\/\\\/www.eternumevents.com\\\/es\\\/servicios\\\/\"},{\"@type\":\"ListItem\",\"position\":3,\"name\":\"Entregas de premios\"}]},{\"@type\":\"WebSite\",\"@id\":\"https:\\\/\\\/www.eternumevents.com\\\/#website\",\"url\":\"https:\\\/\\\/www.eternumevents.com\\\/\",\"name\":\"Eternum Events\",\"description\":\"Creem per emocionar\",\"publisher\":{\"@id\":\"https:\\\/\\\/www.eternumevents.com\\\/#organization\"},\"potentialAction\":[{\"@type\":\"SearchAction\",\"target\":{\"@type\":\"EntryPoint\",\"urlTemplate\":\"https:\\\/\\\/www.eternumevents.com\\\/?s={search_term_string}\"},\"query-input\":{\"@type\":\"PropertyValueSpecification\",\"valueRequired\":true,\"valueName\":\"search_term_string\"}}],\"inLanguage\":\"es\"},{\"@type\":\"Organization\",\"@id\":\"https:\\\/\\\/www.eternumevents.com\\\/#organization\",\"name\":\"Eternum Events\",\"url\":\"https:\\\/\\\/www.eternumevents.com\\\/\",\"logo\":{\"@type\":\"ImageObject\",\"inLanguage\":\"es\",\"@id\":\"https:\\\/\\\/www.eternumevents.com\\\/#\\\/schema\\\/logo\\\/image\\\/\",\"url\":\"https:\\\/\\\/www.eternumevents.com\\\/wp-content\\\/uploads\\\/2024\\\/03\\\/main-logo.svg\",\"contentUrl\":\"https:\\\/\\\/www.eternumevents.com\\\/wp-content\\\/uploads\\\/2024\\\/03\\\/main-logo.svg\",\"width\":223,\"height\":94,\"caption\":\"Eternum Events\"},\"image\":{\"@id\":\"https:\\\/\\\/www.eternumevents.com\\\/#\\\/schema\\\/logo\\\/image\\\/\"}}]}<\/script>\n<!-- \/ Yoast SEO plugin. -->","yoast_head_json":{"title":"Entregas de premios - Eternum Events","robots":{"index":"index","follow":"follow","max-snippet":"max-snippet:-1","max-image-preview":"max-image-preview:large","max-video-preview":"max-video-preview:-1"},"canonical":"https:\/\/www.eternumevents.com\/es\/servicios\/entregas-de-premios\/","og_locale":"es_ES","og_type":"article","og_title":"Entregas de premios - Eternum Events","og_description":"Las Galas de premios son ocasiones especiales en las que las organizaciones reconocen y celebran los logros notables. Estas ceremonias a menudo incluyen discursos inspiradores, m\u00fasica y momentos de emoci\u00f3n mientras se reconocen a los ganadores, tambi\u00e9n suelen ir acompa\u00f1ados de una cena de gala para concluir la ceremonia. ANTES DEL EVENTO D\u00cdA DEL EVENTO [&hellip;]","og_url":"https:\/\/www.eternumevents.com\/es\/servicios\/entregas-de-premios\/","og_site_name":"Eternum Events","article_modified_time":"2024-07-11T12:04:49+00:00","twitter_card":"summary_large_image","schema":{"@context":"https:\/\/schema.org","@graph":[{"@type":"WebPage","@id":"https:\/\/www.eternumevents.com\/es\/servicios\/entregas-de-premios\/","url":"https:\/\/www.eternumevents.com\/es\/servicios\/entregas-de-premios\/","name":"Entregas de premios - Eternum Events","isPartOf":{"@id":"https:\/\/www.eternumevents.com\/#website"},"datePublished":"2024-03-19T21:03:37+00:00","dateModified":"2024-07-11T12:04:49+00:00","breadcrumb":{"@id":"https:\/\/www.eternumevents.com\/es\/servicios\/entregas-de-premios\/#breadcrumb"},"inLanguage":"es","potentialAction":[{"@type":"ReadAction","target":["https:\/\/www.eternumevents.com\/es\/servicios\/entregas-de-premios\/"]}]},{"@type":"BreadcrumbList","@id":"https:\/\/www.eternumevents.com\/es\/servicios\/entregas-de-premios\/#breadcrumb","itemListElement":[{"@type":"ListItem","position":1,"name":"Inici","item":"https:\/\/www.eternumevents.com\/es\/"},{"@type":"ListItem","position":2,"name":"Servicios","item":"https:\/\/www.eternumevents.com\/es\/servicios\/"},{"@type":"ListItem","position":3,"name":"Entregas de premios"}]},{"@type":"WebSite","@id":"https:\/\/www.eternumevents.com\/#website","url":"https:\/\/www.eternumevents.com\/","name":"Eternum Events","description":"Creem per emocionar","publisher":{"@id":"https:\/\/www.eternumevents.com\/#organization"},"potentialAction":[{"@type":"SearchAction","target":{"@type":"EntryPoint","urlTemplate":"https:\/\/www.eternumevents.com\/?s={search_term_string}"},"query-input":{"@type":"PropertyValueSpecification","valueRequired":true,"valueName":"search_term_string"}}],"inLanguage":"es"},{"@type":"Organization","@id":"https:\/\/www.eternumevents.com\/#organization","name":"Eternum Events","url":"https:\/\/www.eternumevents.com\/","logo":{"@type":"ImageObject","inLanguage":"es","@id":"https:\/\/www.eternumevents.com\/#\/schema\/logo\/image\/","url":"https:\/\/www.eternumevents.com\/wp-content\/uploads\/2024\/03\/main-logo.svg","contentUrl":"https:\/\/www.eternumevents.com\/wp-content\/uploads\/2024\/03\/main-logo.svg","width":223,"height":94,"caption":"Eternum Events"},"image":{"@id":"https:\/\/www.eternumevents.com\/#\/schema\/logo\/image\/"}}]}},"_links":{"self":[{"href":"https:\/\/www.eternumevents.com\/es\/wp-json\/wp\/v2\/pages\/5809","targetHints":{"allow":["GET"]}}],"collection":[{"href":"https:\/\/www.eternumevents.com\/es\/wp-json\/wp\/v2\/pages"}],"about":[{"href":"https:\/\/www.eternumevents.com\/es\/wp-json\/wp\/v2\/types\/page"}],"author":[{"embeddable":true,"href":"https:\/\/www.eternumevents.com\/es\/wp-json\/wp\/v2\/users\/1"}],"replies":[{"embeddable":true,"href":"https:\/\/www.eternumevents.com\/es\/wp-json\/wp\/v2\/comments?post=5809"}],"version-history":[{"count":2,"href":"https:\/\/www.eternumevents.com\/es\/wp-json\/wp\/v2\/pages\/5809\/revisions"}],"predecessor-version":[{"id":6056,"href":"https:\/\/www.eternumevents.com\/es\/wp-json\/wp\/v2\/pages\/5809\/revisions\/6056"}],"up":[{"embeddable":true,"href":"https:\/\/www.eternumevents.com\/es\/wp-json\/wp\/v2\/pages\/5759"}],"wp:attachment":[{"href":"https:\/\/www.eternumevents.com\/es\/wp-json\/wp\/v2\/media?parent=5809"}],"curies":[{"name":"wp","href":"https:\/\/api.w.org\/{rel}","templated":true}]}}