{"id":5814,"date":"2024-03-19T23:04:04","date_gmt":"2024-03-19T21:04:04","guid":{"rendered":"https:\/\/www.eternumevents.com\/nova\/servicios\/team-building-y-family-day\/"},"modified":"2024-03-19T23:04:04","modified_gmt":"2024-03-19T21:04:04","slug":"team-building-y-family-day","status":"publish","type":"page","link":"https:\/\/www.eternumevents.com\/es\/servicios\/team-building-y-family-day\/","title":{"rendered":"Team Building y Family day"},"content":{"rendered":"<p><span style=\"color: #333333;\">Los <b>Team Building y Family Day<\/b> son actividades empresariales que fomentan la cohesi\u00f3n y la colaboraci\u00f3n entre los miembros de un equipo. Puede incluir juegos, retos y talleres para mejorar las habilidades de comunicaci\u00f3n y trabajo en grupo. Esta jornada refuerza los lazos entre sus compa\u00f1eros y crea un ambiente relajado y agradable.<\/span><\/p>\n","protected":false},"excerpt":{"rendered":"<p>Los Team Building y Family Day son actividades empresariales que fomentan la cohesi\u00f3n y la colaboraci\u00f3n entre los miembros de un equipo. Puede incluir juegos, retos y talleres para mejorar las habilidades de comunicaci\u00f3n y trabajo en grupo. Esta jornada refuerza los lazos entre sus compa\u00f1eros y crea un ambiente relajado y agradable.<\/p>\n","protected":false},"author":1,"featured_media":0,"parent":5759,"menu_order":0,"comment_status":"closed","ping_status":"closed","template":"","meta":{"_acf_changed":false,"inline_featured_image":false,"_mc_calendar":[],"footnotes":""},"class_list":["post-5814","page","type-page","status-publish","hentry"],"acf":[],"yoast_head":"<!-- This site is optimized with the Yoast SEO plugin v27.4 - https:\/\/yoast.com\/product\/yoast-seo-wordpress\/ -->\n<title>Team Building y Family day - Eternum Events<\/title>\n<meta name=\"robots\" content=\"index, follow, max-snippet:-1, max-image-preview:large, max-video-preview:-1\" \/>\n<link rel=\"canonical\" href=\"https:\/\/www.eternumevents.com\/servicios\/team-building-y-family-day\/\" \/>\n<meta property=\"og:locale\" content=\"es_ES\" \/>\n<meta property=\"og:type\" content=\"article\" \/>\n<meta property=\"og:title\" content=\"Team Building y Family day - Eternum Events\" \/>\n<meta property=\"og:description\" content=\"Los Team Building y Family Day son actividades empresariales que fomentan la cohesi\u00f3n y la colaboraci\u00f3n entre los miembros de un equipo. Puede incluir juegos, retos y talleres para mejorar las habilidades de comunicaci\u00f3n y trabajo en grupo. Esta jornada refuerza los lazos entre sus compa\u00f1eros y crea un ambiente relajado y agradable.\" \/>\n<meta property=\"og:url\" content=\"https:\/\/www.eternumevents.com\/servicios\/team-building-y-family-day\/\" \/>\n<meta property=\"og:site_name\" content=\"Eternum Events\" \/>\n<meta name=\"twitter:card\" content=\"summary_large_image\" \/>\n<script type=\"application\/ld+json\" class=\"yoast-schema-graph\">{\"@context\":\"https:\\\/\\\/schema.org\",\"@graph\":[{\"@type\":\"WebPage\",\"@id\":\"https:\\\/\\\/www.eternumevents.com\\\/servicios\\\/team-building-y-family-day\\\/\",\"url\":\"https:\\\/\\\/www.eternumevents.com\\\/servicios\\\/team-building-y-family-day\\\/\",\"name\":\"Team Building y Family day - Eternum Events\",\"isPartOf\":{\"@id\":\"https:\\\/\\\/www.eternumevents.com\\\/#website\"},\"datePublished\":\"2024-03-19T21:04:04+00:00\",\"breadcrumb\":{\"@id\":\"https:\\\/\\\/www.eternumevents.com\\\/servicios\\\/team-building-y-family-day\\\/#breadcrumb\"},\"inLanguage\":\"es\",\"potentialAction\":[{\"@type\":\"ReadAction\",\"target\":[\"https:\\\/\\\/www.eternumevents.com\\\/servicios\\\/team-building-y-family-day\\\/\"]}]},{\"@type\":\"BreadcrumbList\",\"@id\":\"https:\\\/\\\/www.eternumevents.com\\\/servicios\\\/team-building-y-family-day\\\/#breadcrumb\",\"itemListElement\":[{\"@type\":\"ListItem\",\"position\":1,\"name\":\"Inici\",\"item\":\"https:\\\/\\\/www.eternumevents.com\\\/es\\\/\"},{\"@type\":\"ListItem\",\"position\":2,\"name\":\"Servicios\",\"item\":\"https:\\\/\\\/www.eternumevents.com\\\/es\\\/servicios\\\/\"},{\"@type\":\"ListItem\",\"position\":3,\"name\":\"Team Building y Family day\"}]},{\"@type\":\"WebSite\",\"@id\":\"https:\\\/\\\/www.eternumevents.com\\\/#website\",\"url\":\"https:\\\/\\\/www.eternumevents.com\\\/\",\"name\":\"Eternum Events\",\"description\":\"Creem per emocionar\",\"publisher\":{\"@id\":\"https:\\\/\\\/www.eternumevents.com\\\/#organization\"},\"potentialAction\":[{\"@type\":\"SearchAction\",\"target\":{\"@type\":\"EntryPoint\",\"urlTemplate\":\"https:\\\/\\\/www.eternumevents.com\\\/?s={search_term_string}\"},\"query-input\":{\"@type\":\"PropertyValueSpecification\",\"valueRequired\":true,\"valueName\":\"search_term_string\"}}],\"inLanguage\":\"es\"},{\"@type\":\"Organization\",\"@id\":\"https:\\\/\\\/www.eternumevents.com\\\/#organization\",\"name\":\"Eternum Events\",\"url\":\"https:\\\/\\\/www.eternumevents.com\\\/\",\"logo\":{\"@type\":\"ImageObject\",\"inLanguage\":\"es\",\"@id\":\"https:\\\/\\\/www.eternumevents.com\\\/#\\\/schema\\\/logo\\\/image\\\/\",\"url\":\"https:\\\/\\\/www.eternumevents.com\\\/wp-content\\\/uploads\\\/2024\\\/03\\\/main-logo.svg\",\"contentUrl\":\"https:\\\/\\\/www.eternumevents.com\\\/wp-content\\\/uploads\\\/2024\\\/03\\\/main-logo.svg\",\"width\":223,\"height\":94,\"caption\":\"Eternum Events\"},\"image\":{\"@id\":\"https:\\\/\\\/www.eternumevents.com\\\/#\\\/schema\\\/logo\\\/image\\\/\"}}]}<\/script>\n<!-- \/ Yoast SEO plugin. -->","yoast_head_json":{"title":"Team Building y Family day - Eternum Events","robots":{"index":"index","follow":"follow","max-snippet":"max-snippet:-1","max-image-preview":"max-image-preview:large","max-video-preview":"max-video-preview:-1"},"canonical":"https:\/\/www.eternumevents.com\/servicios\/team-building-y-family-day\/","og_locale":"es_ES","og_type":"article","og_title":"Team Building y Family day - Eternum Events","og_description":"Los Team Building y Family Day son actividades empresariales que fomentan la cohesi\u00f3n y la colaboraci\u00f3n entre los miembros de un equipo. Puede incluir juegos, retos y talleres para mejorar las habilidades de comunicaci\u00f3n y trabajo en grupo. Esta jornada refuerza los lazos entre sus compa\u00f1eros y crea un ambiente relajado y agradable.","og_url":"https:\/\/www.eternumevents.com\/servicios\/team-building-y-family-day\/","og_site_name":"Eternum Events","twitter_card":"summary_large_image","schema":{"@context":"https:\/\/schema.org","@graph":[{"@type":"WebPage","@id":"https:\/\/www.eternumevents.com\/servicios\/team-building-y-family-day\/","url":"https:\/\/www.eternumevents.com\/servicios\/team-building-y-family-day\/","name":"Team Building y Family day - Eternum Events","isPartOf":{"@id":"https:\/\/www.eternumevents.com\/#website"},"datePublished":"2024-03-19T21:04:04+00:00","breadcrumb":{"@id":"https:\/\/www.eternumevents.com\/servicios\/team-building-y-family-day\/#breadcrumb"},"inLanguage":"es","potentialAction":[{"@type":"ReadAction","target":["https:\/\/www.eternumevents.com\/servicios\/team-building-y-family-day\/"]}]},{"@type":"BreadcrumbList","@id":"https:\/\/www.eternumevents.com\/servicios\/team-building-y-family-day\/#breadcrumb","itemListElement":[{"@type":"ListItem","position":1,"name":"Inici","item":"https:\/\/www.eternumevents.com\/es\/"},{"@type":"ListItem","position":2,"name":"Servicios","item":"https:\/\/www.eternumevents.com\/es\/servicios\/"},{"@type":"ListItem","position":3,"name":"Team Building y Family day"}]},{"@type":"WebSite","@id":"https:\/\/www.eternumevents.com\/#website","url":"https:\/\/www.eternumevents.com\/","name":"Eternum Events","description":"Creem per emocionar","publisher":{"@id":"https:\/\/www.eternumevents.com\/#organization"},"potentialAction":[{"@type":"SearchAction","target":{"@type":"EntryPoint","urlTemplate":"https:\/\/www.eternumevents.com\/?s={search_term_string}"},"query-input":{"@type":"PropertyValueSpecification","valueRequired":true,"valueName":"search_term_string"}}],"inLanguage":"es"},{"@type":"Organization","@id":"https:\/\/www.eternumevents.com\/#organization","name":"Eternum Events","url":"https:\/\/www.eternumevents.com\/","logo":{"@type":"ImageObject","inLanguage":"es","@id":"https:\/\/www.eternumevents.com\/#\/schema\/logo\/image\/","url":"https:\/\/www.eternumevents.com\/wp-content\/uploads\/2024\/03\/main-logo.svg","contentUrl":"https:\/\/www.eternumevents.com\/wp-content\/uploads\/2024\/03\/main-logo.svg","width":223,"height":94,"caption":"Eternum Events"},"image":{"@id":"https:\/\/www.eternumevents.com\/#\/schema\/logo\/image\/"}}]}},"_links":{"self":[{"href":"https:\/\/www.eternumevents.com\/es\/wp-json\/wp\/v2\/pages\/5814","targetHints":{"allow":["GET"]}}],"collection":[{"href":"https:\/\/www.eternumevents.com\/es\/wp-json\/wp\/v2\/pages"}],"about":[{"href":"https:\/\/www.eternumevents.com\/es\/wp-json\/wp\/v2\/types\/page"}],"author":[{"embeddable":true,"href":"https:\/\/www.eternumevents.com\/es\/wp-json\/wp\/v2\/users\/1"}],"replies":[{"embeddable":true,"href":"https:\/\/www.eternumevents.com\/es\/wp-json\/wp\/v2\/comments?post=5814"}],"version-history":[{"count":0,"href":"https:\/\/www.eternumevents.com\/es\/wp-json\/wp\/v2\/pages\/5814\/revisions"}],"up":[{"embeddable":true,"href":"https:\/\/www.eternumevents.com\/es\/wp-json\/wp\/v2\/pages\/5759"}],"wp:attachment":[{"href":"https:\/\/www.eternumevents.com\/es\/wp-json\/wp\/v2\/media?parent=5814"}],"curies":[{"name":"wp","href":"https:\/\/api.w.org\/{rel}","templated":true}]}}